{"id":11,"date":"2023-02-17T11:34:11","date_gmt":"2023-02-17T10:34:11","guid":{"rendered":"https:\/\/mulotpetitjean.com\/maison\/\/?page_id=11"},"modified":"2023-09-20T11:19:55","modified_gmt":"2023-09-20T09:19:55","slug":"mentions-legales","status":"publish","type":"page","link":"https:\/\/mulotpetitjean.com\/maison\/mentions-legales\/","title":{"rendered":"Mentions l\u00e9gales"},"content":{"rendered":"<div class=\"wp-block-group is-layout-constrained wp-block-group-is-layout-constrained\"><h2 class=\"wp-block-heading\">Identification de l&rsquo;\u00e9diteur du site<\/h2>\n\n<figure class=\"wp-block-table\"><table><tbody><tr><td>Soci\u00e9t\u00e9 :<\/td><td>Pain d&rsquo;\u00e9pices Mulot et Petitjean<\/td><\/tr><tr><td>Nom commercial<\/td><td>Mulot &amp; Petitjean S.A<\/td><\/tr><tr><td>Forme juridique<\/td><td>SA \u00e0 conseil d&rsquo;administration<\/td><\/tr><tr><td>T\u00e9l\u00e9phone :<br>Fax :<\/td><td>Tel. +33 (0)3 80 30 07 10<br>Fax. +33 (0)3 80 30 18 03<\/td><\/tr><tr><td>Adresse \u00e9lectronique (Courriel) :<\/td><td><a href=\"mailto:info@mulotpetitjean.fr\">info@mulotpetitjean.fr<\/a><\/td><\/tr><tr><td>Immatricul\u00e9e au RCS sous SIREN :<\/td><td>Dijon B 015 751 530<\/td><\/tr><tr><td>SIRET :<\/td><td>01575153000013<\/td><\/tr><tr><td>Code APE :<\/td><td>1072 Z<\/td><\/tr><tr><td>Capital social :<\/td><td>120 000 EUR<\/td><\/tr><tr><td>Num\u00e9ro de TVA :<\/td><td>FR82015751530<\/td><\/tr><tr><td>Directeur de la publication :<\/td><td>Catherine PETITJEAN<\/td><\/tr><tr><td>Responsable l\u00e9gal :<\/td><td>Marie PETITJEAN DUGOURD<\/td><\/tr><\/tbody><\/table><\/figure>\n\n<h2 class=\"wp-block-heading\">R\u00e9alisation du site<\/h2>\n\n<figure class=\"wp-block-table\"><table><tbody><tr><td>Soci\u00e9t\u00e9 :<\/td><td>Agence Wazacom<\/td><\/tr><tr><td>Adresse web :<\/td><td><a href=\"https:\/\/agence-wazacom.fr\" target=\"_blank\" rel=\"noopener\">agence-wazacom.fr<\/a><\/td><\/tr><tr><td>Adresse postale :<\/td><td>3 rue des Pr\u00e9s Rouges,<br>25870 Geneuille<br>FRANCE<\/td><\/tr><tr><td>T\u00e9l\u00e9phone :<\/td><td><a href=\"tel:+33381876598\">+33 3 81 87 65 98<\/a><\/td><\/tr><tr><td>Adresse \u00e9lectronique (Courriel) :<\/td><td><a href=\"mailto:contact@agence-wazacom.fr\">contact@agence-wazacom.fr<\/a><\/td><\/tr><tr><td>Immatricul\u00e9e au RCS sous SIREN :<\/td><td>503 317 661<\/td><\/tr><tr><td>SIRET :<\/td><td>503 317 661 00042<\/td><\/tr><tr><td>Code APE :<\/td><td>7311Z<\/td><\/tr><tr><td>Capital social :<\/td><td>5000&nbsp;\u20ac<\/td><\/tr><tr><td>Num\u00e9ro individuel d&rsquo;identification \u00e0 la TVA :<\/td><td>FR 70 503 317 661<\/td><\/tr><tr><td>Responsable l\u00e9gal :<\/td><td>St\u00e9phane GAIFFE<\/td><\/tr><\/tbody><\/table><\/figure>\n\n<h2 class=\"wp-block-heading\">H\u00e9bergement du site<\/h2>\n\n<figure class=\"wp-block-table\"><table><tbody><tr><td>Soci\u00e9t\u00e9 :<\/td><td>OVH<\/td><\/tr><tr><td>Adresse postale :<\/td><td>2 rue Kellermann<br>59100 Roubaix<br>FRANCE<\/td><\/tr><tr><td>T\u00e9l\u00e9phone :<\/td><td><a href=\"tel:0820698765\">0 820 698 765<\/a><\/td><\/tr><tr><td>Immatricul\u00e9e au RCS sous SIREN :<\/td><td>424 761 419<\/td><\/tr><tr><td>SIRET :<\/td><td>424 761 419 00045<\/td><\/tr><tr><td>Code APE :<\/td><td>6202A<\/td><\/tr><tr><td>Capital social :<\/td><td>10 000 000&nbsp;\u20ac<\/td><\/tr><tr><td>Num\u00e9ro individuel d&rsquo;identification \u00e0 la TVA :<\/td><td>FR 22 424 761 419<\/td><\/tr><\/tbody><\/table><\/figure>\n\n<h2 class=\"wp-block-heading\">Avertissement<\/h2>\n\n<p>L&rsquo;acc\u00e8s et l&rsquo;utilisation du site <strong>Mulot &amp; Petitjean S.A<\/strong> sont soumis aux pr\u00e9sentes conditions d&rsquo;acc\u00e8s et d&rsquo;utilisation, qui vous engagent, et que vous \u00eates tenus de respecter.<\/p>\n\n<p>En cons\u00e9quence, nous vous recommandons de lire attentivement ce qui suit. <strong>Mulot &amp; Petitjean S.A<\/strong> revendique sa qualit\u00e9 d&rsquo;entreprise responsable.<\/p>\n\n<h2 class=\"wp-block-heading\">Droits d&rsquo;auteur \u2014&nbsp;Copyright<\/h2>\n\n<p>L&rsquo;ensemble de ce site rel\u00e8ve de la l\u00e9gislation fran\u00e7aise et internationale sur le droit d&rsquo;auteur et la propri\u00e9t\u00e9 intellectuelle.<\/p>\n\n<p>Les photographies, textes, slogans, dessins, images, s\u00e9quences anim\u00e9es sonores ou non ainsi que toutes \u0153uvres int\u00e9gr\u00e9es dans le site sont la propri\u00e9t\u00e9 de la soci\u00e9t\u00e9 <strong>Mulot &amp; Petitjean S.A<\/strong> ou de tiers ayant autoris\u00e9 <strong>Mulot &amp; Petitjean S.A<\/strong> \u00e0 les utiliser.<\/p>\n\n<p>Les logos, ic\u00f4nes et puces graphiques repr\u00e9sent\u00e9s sur le site sont prot\u00e9g\u00e9s au titre des droits d&rsquo;auteur et des articles L.511.1 et suivants du Code de la propri\u00e9t\u00e9 intellectuelle relatifs \u00e0 la protection des mod\u00e8les d\u00e9pos\u00e9s.<\/p>\n\n<p>Tous les droits de reproduction sont r\u00e9serv\u00e9s et strictement limit\u00e9s, y compris pour les documents t\u00e9l\u00e9chargeables et les repr\u00e9sentations iconographiques et photographiques.<\/p>\n\n<p>Les marques cit\u00e9es sur ce site sont d\u00e9pos\u00e9es par les soci\u00e9t\u00e9s qui en sont propri\u00e9taires.<\/p>\n\n<p>Toute utilisation non autoris\u00e9e de tout ou partie de ces droits par des tiers est susceptible de donner lieu \u00e0 des poursuites judiciaires.<\/p>\n\n<p><\/p>\n\n<h2 class=\"wp-block-heading\">Contenu du site<\/h2>\n\n<p><strong>Mulot &amp; Petitjean S.A<\/strong> d\u00e9cline toute responsabilit\u00e9 en cas de retard de mise \u00e0 jour, de m\u00eame qu&rsquo;en cas d&rsquo;interruption ou d&rsquo;indisponibilit\u00e9 temporaire du service.<\/p>\n\n<p><strong>Mulot &amp; Petitjean S.A<\/strong> se r\u00e9serve le droit de corriger, \u00e0 tout moment et sans pr\u00e9avis, le contenu de ce site.<\/p>\n\n<p>Les reproductions, sur papier ou support informatique, dudit site et des \u0153uvres qui y sont reproduites sont autoris\u00e9es sous r\u00e9serve qu&rsquo;elles soient strictement r\u00e9serv\u00e9es \u00e0 un usage personnel et priv\u00e9.<\/p>\n\n<p>Cela exclut tout usage \u00e0 des fins publicitaires et\/ou commerciales, et\/ou d&rsquo;information et\/ou qu&rsquo;elles soient conformes aux dispositions de l&rsquo;article L.122-5 du Code de la propri\u00e9t\u00e9 intellectuelle.<\/p>\n\n<p>Toute reproduction, repr\u00e9sentation, utilisation ou modification, par quelque proc\u00e9d\u00e9 que ce soit et sur quelque support que ce soit, de tout ou partie du site, de tout ou partie des diff\u00e9rentes \u0153uvres qui le composent, sans avoir obtenu l&rsquo;autorisation pr\u00e9alable du directeur de la publication est strictement interdite, constitue un d\u00e9lit de contrefa\u00e7on et peut donner suite \u00e0 des poursuites judiciaires civiles et\/ou p\u00e9nales, ainsi qu&rsquo;au paiement de dommages et int\u00e9r\u00eats.<\/p>\n\n<h2 class=\"wp-block-heading\">Acc\u00e8s au site<\/h2>\n\n<p>L&rsquo;utilisateur du site <strong>Mulot &amp; Petitjean S.A<\/strong> reconnait disposer de la comp\u00e9tence et des moyens n\u00e9cessaires pour acc\u00e9der et utiliser ce site.<\/p>\n\n<p><strong>Mulot &amp; Petitjean S.A<\/strong> ne saurait \u00eatre tenu responsable des \u00e9l\u00e9ments et \u00e9v\u00e8nements en dehors de son contr\u00f4le li\u00e9s \u00e0 l&rsquo;utilisation du site et de leurs effets ou des incompatibilit\u00e9s mat\u00e9rielles et\/ou logicielles et des dommages qui pourraient \u00e9ventuellement en r\u00e9sulter pour l&rsquo;environnement technique de l&rsquo;utilisateur, notamment pour ses ordinateurs, logiciels, \u00e9quipements r\u00e9seaux et tout autre mat\u00e9riel utilis\u00e9 pour acc\u00e9der ou utiliser le service et\/ou les informations.<\/p>\n\n<p>Il est rappel\u00e9 que le fait d&rsquo;acc\u00e9der ou de se maintenir frauduleusement dans un syst\u00e8me informatique, d&rsquo;entraver ou de fausser le fonctionnement, d&rsquo;introduire ou de modifier frauduleusement des donn\u00e9es d&rsquo;un tel syst\u00e8me constitue un d\u00e9lit passible de sanctions p\u00e9nales.<\/p>\n\n<h2 class=\"wp-block-heading\">Liens hypertextes<\/h2>\n\n<p>Le site <strong>Mulot &amp; Petitjean S.A<\/strong> autorise la mise en place d&rsquo;un lien hypertexte portant vers son contenu, sous r\u00e9serve :<\/p>\n\n<ul class=\"wp-block-list\"><li>d&rsquo;autorisation du directeur de la publication du site;<\/li>\n\n<li>de ne pas utiliser la technique du lien profond (\u00ab deep linking \u00bb), c&rsquo;est-\u00e0-dire que les pages du site <strong>Mulot &amp; Petitjean S.A<\/strong> ne doivent pas \u00eatre imbriqu\u00e9es \u00e0 l&rsquo;int\u00e9rieur des pages d&rsquo;un autre site, mais accessibles par l&rsquo;ouverture d&rsquo;une fen\u00eatre d\u00e9di\u00e9e<\/li>\n\n<li>de mentionner la source qui pointera gr\u00e2ce \u00e0 un lien hypertexte directement sur le contenu vis\u00e9.<\/li><\/ul>\n\n<p>Toute utilisation \u00e0 des fins commerciales ou publicitaires est exclue \u00e0 l&rsquo;exception des dispositions pr\u00e9vues.<\/p>\n\n<p>Cette autorisation ne s&rsquo;applique pas aux sites internet diffusant des informations \u00e0 caract\u00e8re pol\u00e9mique, pornographique, x\u00e9nophobe ou pouvant, dans une large mesure, porter atteinte \u00e0 la sensibilit\u00e9 du plus grand nombre.<\/p>\n\n<p><strong>Mulot &amp; Petitjean S.A<\/strong> d\u00e9cline toute responsabilit\u00e9 quant au contenu des sites propos\u00e9s en liens, quel que soit le type de lien \u00e9tabli \u00e0 partir, ou vers <strong>Mulot &amp; Petitjean S.A<\/strong>.<\/p>\n\n<p><strong>Mulot &amp; Petitjean S.A<\/strong> se r\u00e9serve le droit de s&rsquo;opposer \u00e0 son \u00e9tablissement.<\/p>\n\n<h2 class=\"wp-block-heading\">Protection des donn\u00e9es personnelles<\/h2>\n\n<p>Toutes les donn\u00e9es collect\u00e9es sur ce site, par quelque moyen que ce soit, sont \u00e0 l&rsquo;usage r\u00e9serv\u00e9 de la soci\u00e9t\u00e9 <strong>Mulot &amp; Petitjean S.A<\/strong>.<\/p>\n\n<p>Conform\u00e9ment \u00e0 l&rsquo;article 34 de la loi 78-17 Informatique et Libert\u00e9s du 6 janvier 1978 modifi\u00e9e et le R\u00e8glement G\u00e9n\u00e9ral sur la Protection des Donn\u00e9es (R\u00e8glement UE 2016\/679) ou \u00ab RGPD \u00bb, vous disposez d&rsquo;un droit d&rsquo;acc\u00e8s, de modification, de rectification et de suppression des donn\u00e9es vous concernant.<\/p>\n\n<p>Pour exercer ce droit, contactez-nous par e-mail \u00e0 : <a href=\"mailto:info@mulotpetitjean.fr\" data-type=\"mailto\" data-id=\"mailto:info@mulotpetitjean.fr\">info@mulotpetitjean.fr<\/a><\/p>\n\n<h2 class=\"wp-block-heading\">Formulaires<\/h2>\n\n<p>Les informations recueillies sur ce site par l&rsquo;interm\u00e9diaire des formulaires font l&rsquo;objet d&rsquo;un traitement informatique destin\u00e9 \u00e0 l&rsquo;\u00e9laboration d&rsquo;une proposition commerciale.<\/p>\n\n<p>Le destinataire des donn\u00e9es est : <strong>Mulot &amp; Petitjean S.A<\/strong>.<\/p>\n\n<p>Conform\u00e9ment \u00e0 la loi Informatique et Libert\u00e9s du 6 janvier 1978, vous b\u00e9n\u00e9ficiez d&rsquo;un droit d&rsquo;acc\u00e8s et de rectification aux informations qui vous concernent.<\/p>\n\n<p>Si vous souhaitez exercer ce droit et obtenir communication des informations vous concernant, contactez-nous \u00e0 l&rsquo;adresse ci-dessus.<\/p><\/div>","protected":false},"excerpt":{"rendered":"<p>Identification de l&rsquo;\u00e9diteur du site Soci\u00e9t\u00e9 : Pain d&rsquo;\u00e9pices Mulot et Petitjean Nom commercial Mulot &amp; Petitjean S.A Forme juridique SA \u00e0 conseil d&rsquo;administration T\u00e9l\u00e9phone :Fax : Tel. +33 (0)3 80 30 07 10Fax. +33 (0)3 80 30 18 03 Adresse \u00e9lectronique (Courriel) : info@mulotpetitjean.fr Immatricul\u00e9e au RCS sous SIREN : Dijon B 015 751 [&hellip;]<\/p>\n","protected":false},"author":1,"featured_media":565,"parent":0,"menu_order":5,"comment_status":"closed","ping_status":"closed","template":"","meta":{"_acf_changed":false,"footnotes":""},"class_list":["post-11","page","type-page","status-publish","has-post-thumbnail","hentry"],"acf":[],"yoast_head":"<!-- This site is optimized with the Yoast SEO plugin v26.0 - https:\/\/yoast.com\/wordpress\/plugins\/seo\/ -->\n<title>Mentions l\u00e9gales ~ Mulot &amp; Petitjean<\/title>\n<meta name=\"robots\" content=\"index, follow, max-snippet:-1, max-image-preview:large, max-video-preview:-1\" \/>\n<link rel=\"canonical\" href=\"https:\/\/mulotpetitjean.com\/maison\/mentions-legales\/\" \/>\n<meta property=\"og:locale\" content=\"fr_FR\" \/>\n<meta property=\"og:type\" content=\"article\" \/>\n<meta property=\"og:title\" content=\"Mentions l\u00e9gales ~ Mulot &amp; Petitjean\" \/>\n<meta property=\"og:description\" content=\"Identification de l&rsquo;\u00e9diteur du site Soci\u00e9t\u00e9 : Pain d&rsquo;\u00e9pices Mulot et Petitjean Nom commercial Mulot &amp; Petitjean S.A Forme juridique SA \u00e0 conseil d&rsquo;administration T\u00e9l\u00e9phone :Fax : Tel. +33 (0)3 80 30 07 10Fax. +33 (0)3 80 30 18 03 Adresse \u00e9lectronique (Courriel) : info@mulotpetitjean.fr Immatricul\u00e9e au RCS sous SIREN : Dijon B 015 751 [&hellip;]\" \/>\n<meta property=\"og:url\" content=\"https:\/\/mulotpetitjean.com\/maison\/mentions-legales\/\" \/>\n<meta property=\"og:site_name\" content=\"Mulot &amp; Petitjean\" \/>\n<meta property=\"article:publisher\" content=\"https:\/\/www.facebook.com\/MulotPetitjean\/\" \/>\n<meta property=\"article:modified_time\" content=\"2023-09-20T09:19:55+00:00\" \/>\n<meta property=\"og:image\" content=\"https:\/\/mulotpetitjean.com\/maison\/content\/uploads\/2023\/03\/SLIDER-SET-24-BANDES_PAVE-V2.jpg\" \/>\n\t<meta property=\"og:image:width\" content=\"2000\" \/>\n\t<meta property=\"og:image:height\" content=\"521\" \/>\n\t<meta property=\"og:image:type\" content=\"image\/jpeg\" \/>\n<meta name=\"twitter:card\" content=\"summary_large_image\" \/>\n<meta name=\"twitter:label1\" content=\"Dur\u00e9e de lecture estim\u00e9e\" \/>\n\t<meta name=\"twitter:data1\" content=\"6 minutes\" \/>\n<script type=\"application\/ld+json\" class=\"yoast-schema-graph\">{\"@context\":\"https:\/\/schema.org\",\"@graph\":[{\"@type\":\"WebPage\",\"@id\":\"https:\/\/mulotpetitjean.com\/maison\/mentions-legales\/\",\"url\":\"https:\/\/mulotpetitjean.com\/maison\/mentions-legales\/\",\"name\":\"Mentions l\u00e9gales ~ Mulot &amp; Petitjean\",\"isPartOf\":{\"@id\":\"https:\/\/mulotpetitjean.com\/maison\/#website\"},\"primaryImageOfPage\":{\"@id\":\"https:\/\/mulotpetitjean.com\/maison\/mentions-legales\/#primaryimage\"},\"image\":{\"@id\":\"https:\/\/mulotpetitjean.com\/maison\/mentions-legales\/#primaryimage\"},\"thumbnailUrl\":\"https:\/\/mulotpetitjean.com\/maison\/content\/uploads\/2023\/03\/SLIDER-SET-24-BANDES_PAVE-V2.jpg\",\"datePublished\":\"2023-02-17T10:34:11+00:00\",\"dateModified\":\"2023-09-20T09:19:55+00:00\",\"breadcrumb\":{\"@id\":\"https:\/\/mulotpetitjean.com\/maison\/mentions-legales\/#breadcrumb\"},\"inLanguage\":\"fr-FR\",\"potentialAction\":[{\"@type\":\"ReadAction\",\"target\":[\"https:\/\/mulotpetitjean.com\/maison\/mentions-legales\/\"]}]},{\"@type\":\"ImageObject\",\"inLanguage\":\"fr-FR\",\"@id\":\"https:\/\/mulotpetitjean.com\/maison\/mentions-legales\/#primaryimage\",\"url\":\"https:\/\/mulotpetitjean.com\/maison\/content\/uploads\/2023\/03\/SLIDER-SET-24-BANDES_PAVE-V2.jpg\",\"contentUrl\":\"https:\/\/mulotpetitjean.com\/maison\/content\/uploads\/2023\/03\/SLIDER-SET-24-BANDES_PAVE-V2.jpg\",\"width\":2000,\"height\":521},{\"@type\":\"BreadcrumbList\",\"@id\":\"https:\/\/mulotpetitjean.com\/maison\/mentions-legales\/#breadcrumb\",\"itemListElement\":[{\"@type\":\"ListItem\",\"position\":1,\"name\":\"Accueil\",\"item\":\"https:\/\/mulotpetitjean.com\/maison\/\"},{\"@type\":\"ListItem\",\"position\":2,\"name\":\"Mentions l\u00e9gales\"}]},{\"@type\":\"WebSite\",\"@id\":\"https:\/\/mulotpetitjean.com\/maison\/#website\",\"url\":\"https:\/\/mulotpetitjean.com\/maison\/\",\"name\":\"Mulot & Petitjean\",\"description\":\"Pain d&#039;\u00e9pices depuis 1796\",\"publisher\":{\"@id\":\"https:\/\/mulotpetitjean.com\/maison\/#organization\"},\"potentialAction\":[{\"@type\":\"SearchAction\",\"target\":{\"@type\":\"EntryPoint\",\"urlTemplate\":\"https:\/\/mulotpetitjean.com\/maison\/?s={search_term_string}\"},\"query-input\":{\"@type\":\"PropertyValueSpecification\",\"valueRequired\":true,\"valueName\":\"search_term_string\"}}],\"inLanguage\":\"fr-FR\"},{\"@type\":\"Organization\",\"@id\":\"https:\/\/mulotpetitjean.com\/maison\/#organization\",\"name\":\"Mulot & Petitjean\",\"url\":\"https:\/\/mulotpetitjean.com\/maison\/\",\"logo\":{\"@type\":\"ImageObject\",\"inLanguage\":\"fr-FR\",\"@id\":\"https:\/\/mulotpetitjean.com\/maison\/#\/schema\/logo\/image\/\",\"url\":\"https:\/\/mulotpetitjean.com\/maison\/content\/uploads\/2023\/03\/logo-footer-home.jpg\",\"contentUrl\":\"https:\/\/mulotpetitjean.com\/maison\/content\/uploads\/2023\/03\/logo-footer-home.jpg\",\"width\":246,\"height\":189,\"caption\":\"Mulot & Petitjean\"},\"image\":{\"@id\":\"https:\/\/mulotpetitjean.com\/maison\/#\/schema\/logo\/image\/\"},\"sameAs\":[\"https:\/\/www.facebook.com\/MulotPetitjean\/\",\"https:\/\/www.instagram.com\/mulotpetitjean\/\",\"https:\/\/www.linkedin.com\/company\/pains-d'epices-mulot-et-petitjean\/\"]}]}<\/script>\n<!-- \/ Yoast SEO plugin. -->","yoast_head_json":{"title":"Mentions l\u00e9gales ~ Mulot &amp; Petitjean","robots":{"index":"index","follow":"follow","max-snippet":"max-snippet:-1","max-image-preview":"max-image-preview:large","max-video-preview":"max-video-preview:-1"},"canonical":"https:\/\/mulotpetitjean.com\/maison\/mentions-legales\/","og_locale":"fr_FR","og_type":"article","og_title":"Mentions l\u00e9gales ~ Mulot &amp; Petitjean","og_description":"Identification de l&rsquo;\u00e9diteur du site Soci\u00e9t\u00e9 : Pain d&rsquo;\u00e9pices Mulot et Petitjean Nom commercial Mulot &amp; Petitjean S.A Forme juridique SA \u00e0 conseil d&rsquo;administration T\u00e9l\u00e9phone :Fax : Tel. +33 (0)3 80 30 07 10Fax. +33 (0)3 80 30 18 03 Adresse \u00e9lectronique (Courriel) : info@mulotpetitjean.fr Immatricul\u00e9e au RCS sous SIREN : Dijon B 015 751 [&hellip;]","og_url":"https:\/\/mulotpetitjean.com\/maison\/mentions-legales\/","og_site_name":"Mulot &amp; Petitjean","article_publisher":"https:\/\/www.facebook.com\/MulotPetitjean\/","article_modified_time":"2023-09-20T09:19:55+00:00","og_image":[{"width":2000,"height":521,"url":"https:\/\/mulotpetitjean.com\/maison\/content\/uploads\/2023\/03\/SLIDER-SET-24-BANDES_PAVE-V2.jpg","type":"image\/jpeg"}],"twitter_card":"summary_large_image","twitter_misc":{"Dur\u00e9e de lecture estim\u00e9e":"6 minutes"},"schema":{"@context":"https:\/\/schema.org","@graph":[{"@type":"WebPage","@id":"https:\/\/mulotpetitjean.com\/maison\/mentions-legales\/","url":"https:\/\/mulotpetitjean.com\/maison\/mentions-legales\/","name":"Mentions l\u00e9gales ~ Mulot &amp; Petitjean","isPartOf":{"@id":"https:\/\/mulotpetitjean.com\/maison\/#website"},"primaryImageOfPage":{"@id":"https:\/\/mulotpetitjean.com\/maison\/mentions-legales\/#primaryimage"},"image":{"@id":"https:\/\/mulotpetitjean.com\/maison\/mentions-legales\/#primaryimage"},"thumbnailUrl":"https:\/\/mulotpetitjean.com\/maison\/content\/uploads\/2023\/03\/SLIDER-SET-24-BANDES_PAVE-V2.jpg","datePublished":"2023-02-17T10:34:11+00:00","dateModified":"2023-09-20T09:19:55+00:00","breadcrumb":{"@id":"https:\/\/mulotpetitjean.com\/maison\/mentions-legales\/#breadcrumb"},"inLanguage":"fr-FR","potentialAction":[{"@type":"ReadAction","target":["https:\/\/mulotpetitjean.com\/maison\/mentions-legales\/"]}]},{"@type":"ImageObject","inLanguage":"fr-FR","@id":"https:\/\/mulotpetitjean.com\/maison\/mentions-legales\/#primaryimage","url":"https:\/\/mulotpetitjean.com\/maison\/content\/uploads\/2023\/03\/SLIDER-SET-24-BANDES_PAVE-V2.jpg","contentUrl":"https:\/\/mulotpetitjean.com\/maison\/content\/uploads\/2023\/03\/SLIDER-SET-24-BANDES_PAVE-V2.jpg","width":2000,"height":521},{"@type":"BreadcrumbList","@id":"https:\/\/mulotpetitjean.com\/maison\/mentions-legales\/#breadcrumb","itemListElement":[{"@type":"ListItem","position":1,"name":"Accueil","item":"https:\/\/mulotpetitjean.com\/maison\/"},{"@type":"ListItem","position":2,"name":"Mentions l\u00e9gales"}]},{"@type":"WebSite","@id":"https:\/\/mulotpetitjean.com\/maison\/#website","url":"https:\/\/mulotpetitjean.com\/maison\/","name":"Mulot & Petitjean","description":"Pain d&#039;\u00e9pices depuis 1796","publisher":{"@id":"https:\/\/mulotpetitjean.com\/maison\/#organization"},"potentialAction":[{"@type":"SearchAction","target":{"@type":"EntryPoint","urlTemplate":"https:\/\/mulotpetitjean.com\/maison\/?s={search_term_string}"},"query-input":{"@type":"PropertyValueSpecification","valueRequired":true,"valueName":"search_term_string"}}],"inLanguage":"fr-FR"},{"@type":"Organization","@id":"https:\/\/mulotpetitjean.com\/maison\/#organization","name":"Mulot & Petitjean","url":"https:\/\/mulotpetitjean.com\/maison\/","logo":{"@type":"ImageObject","inLanguage":"fr-FR","@id":"https:\/\/mulotpetitjean.com\/maison\/#\/schema\/logo\/image\/","url":"https:\/\/mulotpetitjean.com\/maison\/content\/uploads\/2023\/03\/logo-footer-home.jpg","contentUrl":"https:\/\/mulotpetitjean.com\/maison\/content\/uploads\/2023\/03\/logo-footer-home.jpg","width":246,"height":189,"caption":"Mulot & Petitjean"},"image":{"@id":"https:\/\/mulotpetitjean.com\/maison\/#\/schema\/logo\/image\/"},"sameAs":["https:\/\/www.facebook.com\/MulotPetitjean\/","https:\/\/www.instagram.com\/mulotpetitjean\/","https:\/\/www.linkedin.com\/company\/pains-d'epices-mulot-et-petitjean\/"]}]}},"_links":{"self":[{"href":"https:\/\/mulotpetitjean.com\/maison\/wp-json\/wp\/v2\/pages\/11","targetHints":{"allow":["GET"]}}],"collection":[{"href":"https:\/\/mulotpetitjean.com\/maison\/wp-json\/wp\/v2\/pages"}],"about":[{"href":"https:\/\/mulotpetitjean.com\/maison\/wp-json\/wp\/v2\/types\/page"}],"author":[{"embeddable":true,"href":"https:\/\/mulotpetitjean.com\/maison\/wp-json\/wp\/v2\/users\/1"}],"replies":[{"embeddable":true,"href":"https:\/\/mulotpetitjean.com\/maison\/wp-json\/wp\/v2\/comments?post=11"}],"version-history":[{"count":0,"href":"https:\/\/mulotpetitjean.com\/maison\/wp-json\/wp\/v2\/pages\/11\/revisions"}],"wp:featuredmedia":[{"embeddable":true,"href":"https:\/\/mulotpetitjean.com\/maison\/wp-json\/wp\/v2\/media\/565"}],"wp:attachment":[{"href":"https:\/\/mulotpetitjean.com\/maison\/wp-json\/wp\/v2\/media?parent=11"}],"curies":[{"name":"wp","href":"https:\/\/api.w.org\/{rel}","templated":true}]}}