{"id":502,"date":"2023-03-20T09:56:47","date_gmt":"2023-03-20T08:56:47","guid":{"rendered":"https:\/\/mulotpetitjean.com\/maison\/\/?page_id=502"},"modified":"2023-03-31T16:36:22","modified_gmt":"2023-03-31T14:36:22","slug":"renseignements-et-reservation","status":"publish","type":"page","link":"https:\/\/mulotpetitjean.com\/maison\/renseignements-et-reservation\/","title":{"rendered":"Renseignements et r\u00e9servation"},"content":{"rendered":"<div class=\"wp-block-group alignwide title-text-2-columns is-layout-flow wp-block-group-is-layout-flow\"><h2 class=\"wp-block-heading\"><strong><em>Organisation de s\u00e9minaires, visite de la fabrique&#8230;<\/em><\/strong><\/h2>\n\n<h3 class=\"wp-block-heading\"><em>La fabrique Mulot &amp; Petitjean : Un cadre unique &amp; gourmand<\/em> <\/h3>\n\n<div class=\"wp-block-columns is-layout-flex wp-container-core-columns-is-layout-9d6595d7 wp-block-columns-is-layout-flex\"><div class=\"wp-block-column is-layout-flow wp-block-column-is-layout-flow\"><h4 class=\"wp-block-heading\">S\u00e9minaires d&rsquo;entreprise et r\u00e9unions professionnelles<\/h4>\n\n<p>Vous recherchez un cadre original pour l\u2019<strong>organisation de vos \u00e9v\u00e8nements professionnels <\/strong>? Nous mettons \u00e0 votre disposition une salle pour vos <strong>r\u00e9unions de travail<\/strong> et proposons \u00e9galement des formules petit-d\u00e9jeuner ou encore des cocktails ou buffets pour une soir\u00e9e. Nos prestations incluent toujours une <strong>visite guid\u00e9e<\/strong> de notre site, ainsi qu\u2019une <strong>exp\u00e9rience gustative<\/strong> unique \u00e0 la cl\u00e9. <strong><a href=\"#contact\">Pour plus de renseignements contactez-nous !<\/a><\/strong><\/p><\/div>\n\n<div class=\"wp-block-column is-layout-flow wp-block-column-is-layout-flow\"><h4 class=\"wp-block-heading\">Visite de la fabrique en groupe de minimum 10 personnes<\/h4>\n\n<p>Laissez-vous guider par un professionnel qui vous expliquera en d\u00e9tails l&rsquo;histoire de la <strong>Maison Mulot &amp; Petitjean<\/strong> et les <strong>secrets de fabrication<\/strong> de nos <strong>recettes traditionnelles<\/strong>. La visite comprend \u00e9galement un moment de <strong>d\u00e9gustation<\/strong> en fin de visite dans la boutique de le fabrique. Dur\u00e9e totale de la visite (d\u00e9gustation incluse) : 1h30. <a href=\"#contact\"><strong>Demande de r\u00e9servation via le formulaire ci-dessous<\/strong><\/a>. <strong>R\u00e9servation obligatoire<\/strong>.<\/p><\/div><\/div><\/div><div class=\"wp-block-group alignwide image-floating-text is-layout-flow wp-block-group-is-layout-flow\"><div class=\"wp-block-columns is-layout-flex wp-container-core-columns-is-layout-9d6595d7 wp-block-columns-is-layout-flex\" id=\"contact\"><div class=\"wp-block-column image-floating-text__image is-layout-flow wp-block-column-is-layout-flow\" style=\"flex-basis:60%\"><figure class=\"wp-block-image size-large\"><img loading=\"lazy\" decoding=\"async\" width=\"964\" height=\"1024\" src=\"https:\/\/mulotpetitjean.com\/maison\/content\/uploads\/2023\/03\/visite-fabrique-contact-form-964x1024.jpg\" alt=\"La fabrique Mulot &amp; Petitjean\" class=\"wp-image-664\" srcset=\"https:\/\/mulotpetitjean.com\/maison\/content\/uploads\/2023\/03\/visite-fabrique-contact-form-964x1024.jpg 964w, https:\/\/mulotpetitjean.com\/maison\/content\/uploads\/2023\/03\/visite-fabrique-contact-form-600x637.jpg 600w, https:\/\/mulotpetitjean.com\/maison\/content\/uploads\/2023\/03\/visite-fabrique-contact-form-565x600.jpg 565w, https:\/\/mulotpetitjean.com\/maison\/content\/uploads\/2023\/03\/visite-fabrique-contact-form-768x816.jpg 768w, https:\/\/mulotpetitjean.com\/maison\/content\/uploads\/2023\/03\/visite-fabrique-contact-form-320x340.jpg 320w, https:\/\/mulotpetitjean.com\/maison\/content\/uploads\/2023\/03\/visite-fabrique-contact-form.jpg 1000w\" sizes=\"auto, (max-width: 964px) 100vw, 964px\" \/><\/figure><\/div>\n\n<div class=\"wp-block-column image-floating-text__text is-layout-flow wp-block-column-is-layout-flow\" style=\"flex-basis:60%\"><div class=\"wp-block-group image-floating-text__text__container alignfull has-quaternary-background-color has-background is-layout-flow wp-block-group-is-layout-flow\"><h2 class=\"has-text-align-center section__title wp-block-heading\">Contactez-nous<br><strong><em>pour plus de renseignements<\/em><\/strong><\/h2>\n\n<div class=\"wpforms-container wpforms-container-full wpforms-block\" id=\"wpforms-503\"><form id=\"wpforms-form-503\" class=\"wpforms-validate wpforms-form wpforms-ajax-form\" data-formid=\"503\" method=\"post\" enctype=\"multipart\/form-data\" action=\"\/maison\/wp-json\/wp\/v2\/pages\/502\" data-token=\"cba656f81cf0293c93b33e72c386dfba\" data-token-time=\"1778840678\"><noscript class=\"wpforms-error-noscript\">Veuillez activer JavaScript dans votre navigateur pour remplir ce formulaire.<\/noscript><div class=\"wpforms-field-container\"><div id=\"wpforms-503-field_0-container\" class=\"wpforms-field wpforms-field-name wpforms-one-half wpforms-first\" data-field-id=\"0\"><label class=\"wpforms-field-label\" for=\"wpforms-503-field_0\">Votre nom <span class=\"wpforms-required-label\">*<\/span><\/label><input type=\"text\" id=\"wpforms-503-field_0\" class=\"wpforms-field-large wpforms-field-required\" name=\"wpforms[fields][0]\" required><\/div><div id=\"wpforms-503-field_3-container\" class=\"wpforms-field wpforms-field-name wpforms-one-half\" data-field-id=\"3\"><label class=\"wpforms-field-label\" for=\"wpforms-503-field_3\">Votre pr\u00e9nom <span class=\"wpforms-required-label\">*<\/span><\/label><input type=\"text\" id=\"wpforms-503-field_3\" class=\"wpforms-field-large wpforms-field-required\" name=\"wpforms[fields][3]\" required><\/div><div id=\"wpforms-503-field_1-container\" class=\"wpforms-field wpforms-field-email wpforms-one-half wpforms-firstwpforms-one-half wpforms-first\" data-field-id=\"1\"><label class=\"wpforms-field-label\" for=\"wpforms-503-field_1\">Votre e-mail <span class=\"wpforms-required-label\">*<\/span><\/label><input type=\"email\" id=\"wpforms-503-field_1\" class=\"wpforms-field-large wpforms-field-required\" name=\"wpforms[fields][1]\" spellcheck=\"false\" required><\/div><div id=\"wpforms-503-field_5-container\" class=\"wpforms-field wpforms-field-text wpforms-one-half wpforms-one-halfwpforms-one-half\" data-field-id=\"5\"><label class=\"wpforms-field-label\" for=\"wpforms-503-field_5\">Votre num\u00e9ro de t\u00e9l\u00e9phone<\/label><input type=\"text\" id=\"wpforms-503-field_5\" class=\"wpforms-field-large\" name=\"wpforms[fields][5]\" ><\/div><div id=\"wpforms-503-field_6-container\" class=\"wpforms-field wpforms-field-select wpforms-field-select-style-classic\" data-field-id=\"6\"><label class=\"wpforms-field-label\" for=\"wpforms-503-field_6\">Sujet de votre demande<\/label><select id=\"wpforms-503-field_6\" class=\"wpforms-field-large\" name=\"wpforms[fields][6]\"><option value=\"Informations\"  class=\"choice-1 depth-1\"  >Informations<\/option><option value=\"Organisation s\u00e9minaires\"  class=\"choice-2 depth-1\"  >Organisation s\u00e9minaires<\/option><option value=\"R\u00e9servation pour groupe de min. 10 pers.\"  class=\"choice-4 depth-1\"  >R\u00e9servation pour groupe de min. 10 pers.<\/option><option value=\"Autre\"  class=\"choice-5 depth-1\"  >Autre<\/option><\/select><\/div><div id=\"wpforms-503-field_2-container\" class=\"wpforms-field wpforms-field-textarea\" data-field-id=\"2\"><label class=\"wpforms-field-label\" for=\"wpforms-503-field_2\">Comment pouvons-nous vous aider ? <span class=\"wpforms-required-label\">*<\/span><\/label><textarea id=\"wpforms-503-field_2\" class=\"wpforms-field-medium wpforms-field-required\" name=\"wpforms[fields][2]\" required><\/textarea><\/div><div id=\"wpforms-503-field_7-container\" class=\"wpforms-field wpforms-field-gdpr-checkbox\" data-field-id=\"7\"><label class=\"wpforms-field-label\">Accord RGPD <span class=\"wpforms-required-label\">*<\/span><\/label><ul id=\"wpforms-503-field_7\" class=\"wpforms-field-required\"><li class=\"choice-1\"><input type=\"checkbox\" id=\"wpforms-503-field_7_1\" name=\"wpforms[fields][7][]\" value=\"Je consens \u00e0 ce que ce site stocke mes informations envoy\u00e9es afin que l&#039;on puisse r\u00e9pondre \u00e0 ma requ\u00eate.\" required ><label class=\"wpforms-field-label-inline\" for=\"wpforms-503-field_7_1\">Je consens \u00e0 ce que ce site stocke mes informations envoy\u00e9es afin que l&rsquo;on puisse r\u00e9pondre \u00e0 ma requ\u00eate.<\/label><\/li><\/ul><\/div><\/div><!-- .wpforms-field-container --><div class=\"wpforms-recaptcha-container wpforms-is-recaptcha wpforms-is-recaptcha-type-v3\" ><input type=\"hidden\" name=\"wpforms[recaptcha]\" value=\"\"><\/div><div class=\"wpforms-submit-container\" ><input type=\"hidden\" name=\"wpforms[id]\" value=\"503\"><input type=\"hidden\" name=\"page_title\" value=\"\"><input type=\"hidden\" name=\"page_url\" value=\"https:\/\/mulotpetitjean.com\/maison\/wp-json\/wp\/v2\/pages\/502\"><input type=\"hidden\" name=\"url_referer\" value=\"\"><button type=\"submit\" name=\"wpforms[submit]\" id=\"wpforms-submit-503\" class=\"wpforms-submit btn btn-default\" data-alt-text=\"Envoi...\" data-submit-text=\"Envoyer\" aria-live=\"assertive\" value=\"wpforms-submit\">Envoyer<\/button><img loading=\"lazy\" decoding=\"async\" src=\"https:\/\/mulotpetitjean.com\/maison\/content\/plugins\/wpforms-lite\/assets\/images\/submit-spin.svg\" class=\"wpforms-submit-spinner\" style=\"display: none;\" width=\"26\" height=\"26\" alt=\"Chargement en cours\"><\/div><\/form><\/div>  <!-- .wpforms-container --><\/div><\/div><\/div><\/div>","protected":false},"excerpt":{"rendered":"<p>La fabrique Mulot &#038; Petitjean vous propose sur r\u00e9servation : l&rsquo;organisation de s\u00e9minaires et d&rsquo;\u00e9v\u00e9nements professionnels ainsi que des visites guid\u00e9es en groupe de 10 personnes avec un moment gustatif \u00e0 la cl\u00e9 ! <\/p>\n","protected":false},"author":1,"featured_media":666,"parent":0,"menu_order":8,"comment_status":"closed","ping_status":"closed","template":"","meta":{"_acf_changed":false,"footnotes":""},"class_list":["post-502","page","type-page","status-publish","has-post-thumbnail","hentry"],"acf":[],"yoast_head":"<!-- This site is optimized with the Yoast SEO plugin v26.0 - https:\/\/yoast.com\/wordpress\/plugins\/seo\/ -->\n<title>Renseignements et r\u00e9servation ~ Mulot &amp; Petitjean<\/title>\n<meta name=\"robots\" content=\"index, follow, max-snippet:-1, max-image-preview:large, max-video-preview:-1\" \/>\n<link rel=\"canonical\" href=\"https:\/\/mulotpetitjean.com\/maison\/renseignements-et-reservation\/\" \/>\n<meta property=\"og:locale\" content=\"fr_FR\" \/>\n<meta property=\"og:type\" content=\"article\" \/>\n<meta property=\"og:title\" content=\"Renseignements et r\u00e9servation ~ Mulot &amp; Petitjean\" \/>\n<meta property=\"og:description\" content=\"La fabrique Mulot &amp; Petitjean vous propose sur r\u00e9servation : l&#039;organisation de s\u00e9minaires et d&#039;\u00e9v\u00e9nements professionnels ainsi que des visites guid\u00e9es en groupe de 10 personnes avec un moment gustatif \u00e0 la cl\u00e9 !\" \/>\n<meta property=\"og:url\" content=\"https:\/\/mulotpetitjean.com\/maison\/renseignements-et-reservation\/\" \/>\n<meta property=\"og:site_name\" content=\"Mulot &amp; Petitjean\" \/>\n<meta property=\"article:publisher\" content=\"https:\/\/www.facebook.com\/MulotPetitjean\/\" \/>\n<meta property=\"article:modified_time\" content=\"2023-03-31T14:36:22+00:00\" \/>\n<meta property=\"og:image\" content=\"https:\/\/mulotpetitjean.com\/maison\/content\/uploads\/2023\/03\/fabrique-accueil.jpg\" \/>\n\t<meta property=\"og:image:width\" content=\"1181\" \/>\n\t<meta property=\"og:image:height\" content=\"788\" \/>\n\t<meta property=\"og:image:type\" content=\"image\/jpeg\" \/>\n<meta name=\"twitter:card\" content=\"summary_large_image\" \/>\n<meta name=\"twitter:label1\" content=\"Dur\u00e9e de lecture estim\u00e9e\" \/>\n\t<meta name=\"twitter:data1\" content=\"2 minutes\" \/>\n<script type=\"application\/ld+json\" class=\"yoast-schema-graph\">{\"@context\":\"https:\/\/schema.org\",\"@graph\":[{\"@type\":\"WebPage\",\"@id\":\"https:\/\/mulotpetitjean.com\/maison\/renseignements-et-reservation\/\",\"url\":\"https:\/\/mulotpetitjean.com\/maison\/renseignements-et-reservation\/\",\"name\":\"Renseignements et r\u00e9servation ~ Mulot &amp; Petitjean\",\"isPartOf\":{\"@id\":\"https:\/\/mulotpetitjean.com\/maison\/#website\"},\"primaryImageOfPage\":{\"@id\":\"https:\/\/mulotpetitjean.com\/maison\/renseignements-et-reservation\/#primaryimage\"},\"image\":{\"@id\":\"https:\/\/mulotpetitjean.com\/maison\/renseignements-et-reservation\/#primaryimage\"},\"thumbnailUrl\":\"https:\/\/mulotpetitjean.com\/maison\/content\/uploads\/2023\/03\/fabrique-accueil.jpg\",\"datePublished\":\"2023-03-20T08:56:47+00:00\",\"dateModified\":\"2023-03-31T14:36:22+00:00\",\"breadcrumb\":{\"@id\":\"https:\/\/mulotpetitjean.com\/maison\/renseignements-et-reservation\/#breadcrumb\"},\"inLanguage\":\"fr-FR\",\"potentialAction\":[{\"@type\":\"ReadAction\",\"target\":[\"https:\/\/mulotpetitjean.com\/maison\/renseignements-et-reservation\/\"]}]},{\"@type\":\"ImageObject\",\"inLanguage\":\"fr-FR\",\"@id\":\"https:\/\/mulotpetitjean.com\/maison\/renseignements-et-reservation\/#primaryimage\",\"url\":\"https:\/\/mulotpetitjean.com\/maison\/content\/uploads\/2023\/03\/fabrique-accueil.jpg\",\"contentUrl\":\"https:\/\/mulotpetitjean.com\/maison\/content\/uploads\/2023\/03\/fabrique-accueil.jpg\",\"width\":1181,\"height\":788,\"caption\":\"Accueil de la fabrique Mulot & Petitjean\"},{\"@type\":\"BreadcrumbList\",\"@id\":\"https:\/\/mulotpetitjean.com\/maison\/renseignements-et-reservation\/#breadcrumb\",\"itemListElement\":[{\"@type\":\"ListItem\",\"position\":1,\"name\":\"Accueil\",\"item\":\"https:\/\/mulotpetitjean.com\/maison\/\"},{\"@type\":\"ListItem\",\"position\":2,\"name\":\"Renseignements et r\u00e9servation\"}]},{\"@type\":\"WebSite\",\"@id\":\"https:\/\/mulotpetitjean.com\/maison\/#website\",\"url\":\"https:\/\/mulotpetitjean.com\/maison\/\",\"name\":\"Mulot & Petitjean\",\"description\":\"Pain d&#039;\u00e9pices depuis 1796\",\"publisher\":{\"@id\":\"https:\/\/mulotpetitjean.com\/maison\/#organization\"},\"potentialAction\":[{\"@type\":\"SearchAction\",\"target\":{\"@type\":\"EntryPoint\",\"urlTemplate\":\"https:\/\/mulotpetitjean.com\/maison\/?s={search_term_string}\"},\"query-input\":{\"@type\":\"PropertyValueSpecification\",\"valueRequired\":true,\"valueName\":\"search_term_string\"}}],\"inLanguage\":\"fr-FR\"},{\"@type\":\"Organization\",\"@id\":\"https:\/\/mulotpetitjean.com\/maison\/#organization\",\"name\":\"Mulot & Petitjean\",\"url\":\"https:\/\/mulotpetitjean.com\/maison\/\",\"logo\":{\"@type\":\"ImageObject\",\"inLanguage\":\"fr-FR\",\"@id\":\"https:\/\/mulotpetitjean.com\/maison\/#\/schema\/logo\/image\/\",\"url\":\"https:\/\/mulotpetitjean.com\/maison\/content\/uploads\/2023\/03\/logo-footer-home.jpg\",\"contentUrl\":\"https:\/\/mulotpetitjean.com\/maison\/content\/uploads\/2023\/03\/logo-footer-home.jpg\",\"width\":246,\"height\":189,\"caption\":\"Mulot & Petitjean\"},\"image\":{\"@id\":\"https:\/\/mulotpetitjean.com\/maison\/#\/schema\/logo\/image\/\"},\"sameAs\":[\"https:\/\/www.facebook.com\/MulotPetitjean\/\",\"https:\/\/www.instagram.com\/mulotpetitjean\/\",\"https:\/\/www.linkedin.com\/company\/pains-d'epices-mulot-et-petitjean\/\"]}]}<\/script>\n<!-- \/ Yoast SEO plugin. -->","yoast_head_json":{"title":"Renseignements et r\u00e9servation ~ Mulot &amp; Petitjean","robots":{"index":"index","follow":"follow","max-snippet":"max-snippet:-1","max-image-preview":"max-image-preview:large","max-video-preview":"max-video-preview:-1"},"canonical":"https:\/\/mulotpetitjean.com\/maison\/renseignements-et-reservation\/","og_locale":"fr_FR","og_type":"article","og_title":"Renseignements et r\u00e9servation ~ Mulot &amp; Petitjean","og_description":"La fabrique Mulot & Petitjean vous propose sur r\u00e9servation : l'organisation de s\u00e9minaires et d'\u00e9v\u00e9nements professionnels ainsi que des visites guid\u00e9es en groupe de 10 personnes avec un moment gustatif \u00e0 la cl\u00e9 !","og_url":"https:\/\/mulotpetitjean.com\/maison\/renseignements-et-reservation\/","og_site_name":"Mulot &amp; Petitjean","article_publisher":"https:\/\/www.facebook.com\/MulotPetitjean\/","article_modified_time":"2023-03-31T14:36:22+00:00","og_image":[{"width":1181,"height":788,"url":"https:\/\/mulotpetitjean.com\/maison\/content\/uploads\/2023\/03\/fabrique-accueil.jpg","type":"image\/jpeg"}],"twitter_card":"summary_large_image","twitter_misc":{"Dur\u00e9e de lecture estim\u00e9e":"2 minutes"},"schema":{"@context":"https:\/\/schema.org","@graph":[{"@type":"WebPage","@id":"https:\/\/mulotpetitjean.com\/maison\/renseignements-et-reservation\/","url":"https:\/\/mulotpetitjean.com\/maison\/renseignements-et-reservation\/","name":"Renseignements et r\u00e9servation ~ Mulot &amp; Petitjean","isPartOf":{"@id":"https:\/\/mulotpetitjean.com\/maison\/#website"},"primaryImageOfPage":{"@id":"https:\/\/mulotpetitjean.com\/maison\/renseignements-et-reservation\/#primaryimage"},"image":{"@id":"https:\/\/mulotpetitjean.com\/maison\/renseignements-et-reservation\/#primaryimage"},"thumbnailUrl":"https:\/\/mulotpetitjean.com\/maison\/content\/uploads\/2023\/03\/fabrique-accueil.jpg","datePublished":"2023-03-20T08:56:47+00:00","dateModified":"2023-03-31T14:36:22+00:00","breadcrumb":{"@id":"https:\/\/mulotpetitjean.com\/maison\/renseignements-et-reservation\/#breadcrumb"},"inLanguage":"fr-FR","potentialAction":[{"@type":"ReadAction","target":["https:\/\/mulotpetitjean.com\/maison\/renseignements-et-reservation\/"]}]},{"@type":"ImageObject","inLanguage":"fr-FR","@id":"https:\/\/mulotpetitjean.com\/maison\/renseignements-et-reservation\/#primaryimage","url":"https:\/\/mulotpetitjean.com\/maison\/content\/uploads\/2023\/03\/fabrique-accueil.jpg","contentUrl":"https:\/\/mulotpetitjean.com\/maison\/content\/uploads\/2023\/03\/fabrique-accueil.jpg","width":1181,"height":788,"caption":"Accueil de la fabrique Mulot & Petitjean"},{"@type":"BreadcrumbList","@id":"https:\/\/mulotpetitjean.com\/maison\/renseignements-et-reservation\/#breadcrumb","itemListElement":[{"@type":"ListItem","position":1,"name":"Accueil","item":"https:\/\/mulotpetitjean.com\/maison\/"},{"@type":"ListItem","position":2,"name":"Renseignements et r\u00e9servation"}]},{"@type":"WebSite","@id":"https:\/\/mulotpetitjean.com\/maison\/#website","url":"https:\/\/mulotpetitjean.com\/maison\/","name":"Mulot & Petitjean","description":"Pain d&#039;\u00e9pices depuis 1796","publisher":{"@id":"https:\/\/mulotpetitjean.com\/maison\/#organization"},"potentialAction":[{"@type":"SearchAction","target":{"@type":"EntryPoint","urlTemplate":"https:\/\/mulotpetitjean.com\/maison\/?s={search_term_string}"},"query-input":{"@type":"PropertyValueSpecification","valueRequired":true,"valueName":"search_term_string"}}],"inLanguage":"fr-FR"},{"@type":"Organization","@id":"https:\/\/mulotpetitjean.com\/maison\/#organization","name":"Mulot & Petitjean","url":"https:\/\/mulotpetitjean.com\/maison\/","logo":{"@type":"ImageObject","inLanguage":"fr-FR","@id":"https:\/\/mulotpetitjean.com\/maison\/#\/schema\/logo\/image\/","url":"https:\/\/mulotpetitjean.com\/maison\/content\/uploads\/2023\/03\/logo-footer-home.jpg","contentUrl":"https:\/\/mulotpetitjean.com\/maison\/content\/uploads\/2023\/03\/logo-footer-home.jpg","width":246,"height":189,"caption":"Mulot & Petitjean"},"image":{"@id":"https:\/\/mulotpetitjean.com\/maison\/#\/schema\/logo\/image\/"},"sameAs":["https:\/\/www.facebook.com\/MulotPetitjean\/","https:\/\/www.instagram.com\/mulotpetitjean\/","https:\/\/www.linkedin.com\/company\/pains-d'epices-mulot-et-petitjean\/"]}]}},"_links":{"self":[{"href":"https:\/\/mulotpetitjean.com\/maison\/wp-json\/wp\/v2\/pages\/502","targetHints":{"allow":["GET"]}}],"collection":[{"href":"https:\/\/mulotpetitjean.com\/maison\/wp-json\/wp\/v2\/pages"}],"about":[{"href":"https:\/\/mulotpetitjean.com\/maison\/wp-json\/wp\/v2\/types\/page"}],"author":[{"embeddable":true,"href":"https:\/\/mulotpetitjean.com\/maison\/wp-json\/wp\/v2\/users\/1"}],"replies":[{"embeddable":true,"href":"https:\/\/mulotpetitjean.com\/maison\/wp-json\/wp\/v2\/comments?post=502"}],"version-history":[{"count":0,"href":"https:\/\/mulotpetitjean.com\/maison\/wp-json\/wp\/v2\/pages\/502\/revisions"}],"wp:featuredmedia":[{"embeddable":true,"href":"https:\/\/mulotpetitjean.com\/maison\/wp-json\/wp\/v2\/media\/666"}],"wp:attachment":[{"href":"https:\/\/mulotpetitjean.com\/maison\/wp-json\/wp\/v2\/media?parent=502"}],"curies":[{"name":"wp","href":"https:\/\/api.w.org\/{rel}","templated":true}]}}