{"id":61,"date":"2023-02-17T15:26:29","date_gmt":"2023-02-17T14:26:29","guid":{"rendered":"https:\/\/mulotpetitjean.com\/maison\/\/?page_id=22"},"modified":"2023-07-28T16:31:37","modified_gmt":"2023-07-28T14:31:37","slug":"nos-magasins","status":"publish","type":"page","link":"https:\/\/mulotpetitjean.com\/maison\/nos-magasins\/","title":{"rendered":"Nos magasins"},"content":{"rendered":"<section id=\"magasin-block_941861043633a3e76b7d7a9deece1c3c\" class=\"alignfull \">\n        <div class=\"magasin alignwide\">\n        \n\t\n\n\t<div class=\"magasin__grid\">\n\t\t<div class=\"magasin__grid__title\">\n\t\t\t\t\t\t\t<h2 class=\"section__title has-bar\">Savourez l\u2019authenticit\u00e9 dijonnaise<\/h2>\n\t\t\t\n\t\t\t\n\t\t\t\t\t\t\t<div class=\"section__text\">\n\t\t\t\t\t<p>par les yeux et les papilles<\/p>\n\t\t\t\t<\/div>\n\t\t\t\t\t<\/div>\n\n\t\t<ul class=\"magasin__grid__items\">\n\t\t\t<li class=\"magasin__grid__item \" role=\"listitem\">\n\t<div class=\"magasin__grid__item__container\">\n\n\t\t<div class=\"magasin__grid__item__title\">\n\t\t\t<h3>Boutique Historique<\/h3>\t\t<\/div>\n\n\t\t\t\t\t<div class=\"magasin__grid__item__subtitle\">\n\t\t\t\t<h4>L\u2019H\u00f4tel Catin de Richemont<\/h4>\n\t\t\t<\/div>\n\t\t\n\t\t\t\t\t<div class=\"magasin__grid__item__image\">\n\t\t\t\t\t\t\t\t\t\t\t\t\t\t\t<img decoding=\"async\" src=\"https:\/\/mulotpetitjean.com\/maison\/content\/uploads\/2023\/02\/boutique-historique.svg\" class=\"attachment-full size-full wp-post-image\" alt=\"\" \/>\t\t\t\t\t\t\t\t\t\t\t\t<\/div>\n\t\t\n\t\t\t\t\t<div class=\"magasin__grid__item__content\">\n\t\t\t\t\n\t\t\t\t\t\t\t<div class=\"magasin__grid__item__address\">\n\t\t\t\t\t<p>13 place Bossuet, 21000&nbsp;DIJON<\/p>\n\t\t\t\t<\/div>\n\t\t\t\t\t\t\t\n\t\t\t\t\t\t\t<div class=\"magasin__grid__item__timetable\">\n\t\t\t\t\t<p>Horaires de Printemps :<br \/>\nDu mardi au samedi de 10h \u00e0 12h et de 14h \u00e0 19h<\/p>\n\t\t\t\t<\/div>\n\t\t\t\n\t\t\t\t\t\t\t<div class=\"magasin__grid__item__link\">\n\t\t\t\t\t<a href=\"https:\/\/mulotpetitjean.com\/maison\/notre-maison\/#boutique-historique\" class=\"btn btn-default\">\n\t\t\t\t\t\t<span>D\u00e9couvrez son histoire<\/span>\n\t\t\t\t\t<\/a>\n\t\t\t\t<\/div>\n\t\t\t\n\t\t\t<\/div>\n\t\t\n\t<\/div>\n<\/li><li class=\"magasin__grid__item \" role=\"listitem\">\n\t<div class=\"magasin__grid__item__container\">\n\n\t\t<div class=\"magasin__grid__item__title\">\n\t\t\t<h3>Boutique Libert\u00e9<\/h3>\t\t<\/div>\n\n\t\t\n\t\t\t\t\t<div class=\"magasin__grid__item__image\">\n\t\t\t\t\t\t\t\t\t\t\t\t\t\t\t<img decoding=\"async\" src=\"https:\/\/mulotpetitjean.com\/maison\/content\/uploads\/2023\/02\/Mulot_Petitjean-BOUTIQUE-LIBERTE.svg\" class=\"attachment-full size-full wp-post-image\" alt=\"\" \/>\t\t\t\t\t\t\t\t\t\t\t\t<\/div>\n\t\t\n\t\t\t\t\t<div class=\"magasin__grid__item__content\">\n\t\t\t\t\n\t\t\t\t\t\t\t<div class=\"magasin__grid__item__address\">\n\t\t\t\t\t<p>16 rue de la Libert\u00e9, 21000&nbsp;DIJON<\/p>\n\t\t\t\t<\/div>\n\t\t\t\t\t\t\t\n\t\t\t\t\t\t\t<div class=\"magasin__grid__item__timetable\">\n\t\t\t\t\t<p>Horaires :<br \/>\nLundi, Mercredi, Jeudi de 10h \u00e0 12h30 et de 14h \u00e0 19h<br \/>\nMardi, Vendredi, Samedi de 9h \u00e0 12h30 et de 14h \u00e0 19h<br \/>\nDimanche de 10h \u00e0 12h30 et de 14h \u00e0 18h.<br \/>\nLigne directe : +33 (0)3 80 30 18 84<\/p>\n\t\t\t\t<\/div>\n\t\t\t\n\t\t\t\n\t\t\t<\/div>\n\t\t\n\t<\/div>\n<\/li><li class=\"magasin__grid__item \" role=\"listitem\">\n\t<div class=\"magasin__grid__item__container\">\n\n\t\t<div class=\"magasin__grid__item__title\">\n\t\t\t<h3>Boutique Notre-Dame<\/h3>\t\t<\/div>\n\n\t\t\n\t\t\t\t\t<div class=\"magasin__grid__item__image\">\n\t\t\t\t\t\t\t\t\t\t\t\t\t\t\t<img decoding=\"async\" src=\"https:\/\/mulotpetitjean.com\/maison\/content\/uploads\/2023\/02\/Mulot_Petitjean-BOUTIQUE-NOTREDAME_2.svg\" class=\"attachment-full size-full wp-post-image\" alt=\"\" \/>\t\t\t\t\t\t\t\t\t\t\t\t<\/div>\n\t\t\n\t\t\t\t\t<div class=\"magasin__grid__item__content\">\n\t\t\t\t\n\t\t\t\t\t\t\t<div class=\"magasin__grid__item__address\">\n\t\t\t\t\t<p>1 place Notre-Dame, 21000\u00a0DIJON<\/p>\n\t\t\t\t<\/div>\n\t\t\t\t\t\t\t\n\t\t\t\t\t\t\t<div class=\"magasin__grid__item__timetable\">\n\t\t\t\t\t<p>Horaires :<br \/>\nDu mardi au samedi de 10h \u00e0 12h et de 14h \u00e0 19h<br \/>\nLigne directe : +33 (0)3 80 30 18 58<\/p>\n\t\t\t\t<\/div>\n\t\t\t\n\t\t\t\n\t\t\t<\/div>\n\t\t\n\t<\/div>\n<\/li><li class=\"magasin__grid__item \" role=\"listitem\">\n\t<div class=\"magasin__grid__item__container\">\n\n\t\t<div class=\"magasin__grid__item__title\">\n\t\t\t<h3>Boutique La Chouette<\/h3>\t\t<\/div>\n\n\t\t\n\t\t\t\t\t<div class=\"magasin__grid__item__image\">\n\t\t\t\t\t\t\t\t\t\t\t\t\t\t\t<img decoding=\"async\" src=\"https:\/\/mulotpetitjean.com\/maison\/content\/uploads\/2023\/02\/Mulot_Petitjean-BOUTIQUE-CHOUETTE_2.svg\" class=\"attachment-full size-full wp-post-image\" alt=\"\" \/>\t\t\t\t\t\t\t\t\t\t\t\t<\/div>\n\t\t\n\t\t\t\t\t<div class=\"magasin__grid__item__content\">\n\t\t\t\t\n\t\t\t\t\t\t\t<div class=\"magasin__grid__item__address\">\n\t\t\t\t\t<p>1 rue de la Chouette, 21000\u00a0DIJON<\/p>\n\t\t\t\t<\/div>\n\t\t\t\t\t\t\t\n\t\t\t\t\t\t\t<div class=\"magasin__grid__item__timetable\">\n\t\t\t\t\t<p>Horaires :<br \/>\nDu mardi au samedi de 10h \u00e0 12h30 et de 14h \u00e0 19h<br \/>\nDimanche de 10h \u00e0 12h30 et de 14h \u00e0 18h<br \/>\nLigne directe : +33\u00a0(0)3\u00a080\u00a061\u00a042\u00a022<\/p>\n\t\t\t\t<\/div>\n\t\t\t\n\t\t\t\n\t\t\t<\/div>\n\t\t\n\t<\/div>\n<\/li><li class=\"magasin__grid__item \" role=\"listitem\">\n\t<div class=\"magasin__grid__item__container\">\n\n\t\t<div class=\"magasin__grid__item__title\">\n\t\t\t<h3>Boutique Beaune<\/h3>\t\t<\/div>\n\n\t\t\n\t\t\t\t\t<div class=\"magasin__grid__item__image\">\n\t\t\t\t\t\t\t\t\t\t\t\t\t\t\t<img decoding=\"async\" src=\"https:\/\/mulotpetitjean.com\/maison\/content\/uploads\/2023\/02\/Mulot_Petitjean-BOUTIQUE-BEAUNE_2.svg\" class=\"attachment-full size-full wp-post-image\" alt=\"\" \/>\t\t\t\t\t\t\t\t\t\t\t\t<\/div>\n\t\t\n\t\t\t\t\t<div class=\"magasin__grid__item__content\">\n\t\t\t\t\n\t\t\t\t\t\t\t<div class=\"magasin__grid__item__address\">\n\t\t\t\t\t<p>1 place Carnot, 21200\u00a0BEAUNE<\/p>\n\t\t\t\t<\/div>\n\t\t\t\t\t\t\t\n\t\t\t\t\t\t\t<div class=\"magasin__grid__item__timetable\">\n\t\t\t\t\t<p>Horaires :<br \/>\nDu lundi au samedi de 10h \u00e0 12h et de 14h \u00e0 19h<br \/>\nDimanche de 10h \u00e0 12h et 14h \u00e0 18h<br \/>\nLigne directe : +33\u00a003\u00a080\u00a022\u00a006\u00a018<\/p>\n\t\t\t\t<\/div>\n\t\t\t\n\t\t\t\n\t\t\t<\/div>\n\t\t\n\t<\/div>\n<\/li><li class=\"magasin__grid__item \" role=\"listitem\">\n\t<div class=\"magasin__grid__item__container\">\n\n\t\t<div class=\"magasin__grid__item__title\">\n\t\t\t<h3>Le mus\u00e9e<\/h3>\t\t<\/div>\n\n\t\t\n\t\t\t\t\t<div class=\"magasin__grid__item__image\">\n\t\t\t\t\t\t\t\t\t\t\t\t\t\t\t<img decoding=\"async\" src=\"https:\/\/mulotpetitjean.com\/maison\/content\/uploads\/2023\/02\/Mulot_Petitjean-LA-FABRIQUE-DE-PAIN-D-EPICES.svg\" class=\"attachment-full size-full wp-post-image\" alt=\"\" \/>\t\t\t\t\t\t\t\t\t\t\t\t<\/div>\n\t\t\n\t\t\t\t\t<div class=\"magasin__grid__item__content\">\n\t\t\t\t\n\t\t\t\t\t\t\t<div class=\"magasin__grid__item__address\">\n\t\t\t\t\t<p>6 Bd de l\u2019Ouest, 21000\u00a0DIJON<\/p>\n\t\t\t\t<\/div>\n\t\t\t\t\t\t\t\n\t\t\t\t\t\t\t<div class=\"magasin__grid__item__timetable\">\n\t\t\t\t\t<p>Ouvert du mardi au samedi<\/p>\n<p>de 10h \u00e0 12h30 et de 14h \u00e0 18h30 (derni\u00e8res visites \u00e0 11h30 le matin et \u00e0 17h30 l&rsquo;apr\u00e8s-midi)<\/p>\n\t\t\t\t<\/div>\n\t\t\t\n\t\t\t\t\t\t\t<div class=\"magasin__grid__item__link\">\n\t\t\t\t\t<a href=\"https:\/\/mulotpetitjean.com\/maison\/visiter-la-fabrique\" class=\"btn btn-default\">\n\t\t\t\t\t\t<span>Visitez la fabrique<\/span>\n\t\t\t\t\t<\/a>\n\t\t\t\t<\/div>\n\t\t\t\n\t\t\t<\/div>\n\t\t\n\t<\/div>\n<\/li>\t\t<\/ul>\n\n\t\t\n\t<\/div>\n        <\/div>\n    <\/section><!-- Decouvrez les autres categories -->\n<section class=\"product__categories alignfull\">\n\t<div class=\"alignwide\">\n\t\t<h2 class=\"section__title has-bar has-bar-left\">D\u00e9couvrez nos produits<\/h2>\n\n\t\t<div class=\"product__categories__slider\">\n\t\t\t\t\t\t\t\t\t\t<div class=\"product__categories__slider__item\">\n\t\t\t\t\t\t\t\t<a href=\"https:\/\/mulotpetitjean.com\/fr\/31-pour-paques\">\t\t\t\t\t\t\t\t\t<div class=\"product__categories__slider__item__image\">\n\t\t\t\t\t\t\t\t\t\t<img decoding=\"async\" src=\"https:\/\/mulotpetitjean.com\/\/img\/c\/31-0_thumb.jpg\" alt=\"pour-paques\">\t\t\t\t\t\t\t\t\t<\/div>\n\t\t\t\t\t\t\t\t\t<div class=\"product__categories__slider__item__title\">\n\t\t\t\t\t\t\t\t\t\t<h3>Pour P\u00e2ques<\/h3>\t\t\t\t\t\t\t\t\t<\/div>\n\t\t\t\t\t\t\t\t<\/a>\t\t\t\t\t\t\t<\/div>\n\t\t\t\t\t\t\t\t\t\t\t\t\t<div class=\"product__categories__slider__item\">\n\t\t\t\t\t\t\t\t<a href=\"https:\/\/mulotpetitjean.com\/fr\/46-pain-d-epices\">\t\t\t\t\t\t\t\t\t<div class=\"product__categories__slider__item__image\">\n\t\t\t\t\t\t\t\t\t\t<img decoding=\"async\" src=\"https:\/\/mulotpetitjean.com\/\/img\/c\/46-0_thumb.jpg\" alt=\"pain-d-epices\">\t\t\t\t\t\t\t\t\t<\/div>\n\t\t\t\t\t\t\t\t\t<div class=\"product__categories__slider__item__title\">\n\t\t\t\t\t\t\t\t\t\t<h3>Pains d'\u00e9pices<\/h3>\t\t\t\t\t\t\t\t\t<\/div>\n\t\t\t\t\t\t\t\t<\/a>\t\t\t\t\t\t\t<\/div>\n\t\t\t\t\t\t\t\t\t\t\t\t\t<div class=\"product__categories__slider__item\">\n\t\t\t\t\t\t\t\t<a href=\"https:\/\/mulotpetitjean.com\/fr\/38-nonnettes\">\t\t\t\t\t\t\t\t\t<div class=\"product__categories__slider__item__image\">\n\t\t\t\t\t\t\t\t\t\t<img decoding=\"async\" src=\"https:\/\/mulotpetitjean.com\/\/img\/c\/38-0_thumb.jpg\" alt=\"nonnettes\">\t\t\t\t\t\t\t\t\t<\/div>\n\t\t\t\t\t\t\t\t\t<div class=\"product__categories__slider__item__title\">\n\t\t\t\t\t\t\t\t\t\t<h3>Nonnettes<\/h3>\t\t\t\t\t\t\t\t\t<\/div>\n\t\t\t\t\t\t\t\t<\/a>\t\t\t\t\t\t\t<\/div>\n\t\t\t\t\t\t\t\t\t\t\t\t\t<div class=\"product__categories__slider__item\">\n\t\t\t\t\t\t\t\t<a href=\"https:\/\/mulotpetitjean.com\/fr\/39-gourmandises\">\t\t\t\t\t\t\t\t\t<div class=\"product__categories__slider__item__image\">\n\t\t\t\t\t\t\t\t\t\t<img decoding=\"async\" src=\"https:\/\/mulotpetitjean.com\/\/img\/c\/39-0_thumb.jpg\" alt=\"gourmandises\">\t\t\t\t\t\t\t\t\t<\/div>\n\t\t\t\t\t\t\t\t\t<div class=\"product__categories__slider__item__title\">\n\t\t\t\t\t\t\t\t\t\t<h3>Gourmandises<\/h3>\t\t\t\t\t\t\t\t\t<\/div>\n\t\t\t\t\t\t\t\t<\/a>\t\t\t\t\t\t\t<\/div>\n\t\t\t\t\t\t\t\t\t\t\t\t\t<div class=\"product__categories__slider__item\">\n\t\t\t\t\t\t\t\t<a href=\"https:\/\/mulotpetitjean.com\/fr\/40-pour-cuisiner\">\t\t\t\t\t\t\t\t\t<div class=\"product__categories__slider__item__image\">\n\t\t\t\t\t\t\t\t\t\t<img decoding=\"async\" src=\"https:\/\/mulotpetitjean.com\/\/img\/c\/40-0_thumb.jpg\" alt=\"pour-cuisiner\">\t\t\t\t\t\t\t\t\t<\/div>\n\t\t\t\t\t\t\t\t\t<div class=\"product__categories__slider__item__title\">\n\t\t\t\t\t\t\t\t\t\t<h3>Pour cuisiner<\/h3>\t\t\t\t\t\t\t\t\t<\/div>\n\t\t\t\t\t\t\t\t<\/a>\t\t\t\t\t\t\t<\/div>\n\t\t\t\t\t\t\t\t\t\t\t\t\t<div class=\"product__categories__slider__item\">\n\t\t\t\t\t\t\t\t<a href=\"https:\/\/mulotpetitjean.com\/fr\/41-idees-cadeaux\">\t\t\t\t\t\t\t\t\t<div class=\"product__categories__slider__item__image\">\n\t\t\t\t\t\t\t\t\t\t<img decoding=\"async\" src=\"https:\/\/mulotpetitjean.com\/\/img\/c\/41-0_thumb.jpg\" alt=\"idees-cadeaux\">\t\t\t\t\t\t\t\t\t<\/div>\n\t\t\t\t\t\t\t\t\t<div class=\"product__categories__slider__item__title\">\n\t\t\t\t\t\t\t\t\t\t<h3>Id\u00e9es cadeaux<\/h3>\t\t\t\t\t\t\t\t\t<\/div>\n\t\t\t\t\t\t\t\t<\/a>\t\t\t\t\t\t\t<\/div>\n\t\t\t\t\t\t\t\t\t\t\t\t\t<div class=\"product__categories__slider__item\">\n\t\t\t\t\t\t\t\t<a href=\"https:\/\/mulotpetitjean.com\/fr\/75-epicerie-fine\">\t\t\t\t\t\t\t\t\t<div class=\"product__categories__slider__item__image\">\n\t\t\t\t\t\t\t\t\t\t<img decoding=\"async\" src=\"https:\/\/mulotpetitjean.com\/\/img\/c\/75-0_thumb.jpg\" alt=\"epicerie-fine\">\t\t\t\t\t\t\t\t\t<\/div>\n\t\t\t\t\t\t\t\t\t<div class=\"product__categories__slider__item__title\">\n\t\t\t\t\t\t\t\t\t\t<h3>\u00c9picerie fine<\/h3>\t\t\t\t\t\t\t\t\t<\/div>\n\t\t\t\t\t\t\t\t<\/a>\t\t\t\t\t\t\t<\/div>\n\t\t\t\t\t\t\t\t\t\t\t\t\t<div class=\"product__categories__slider__item\">\n\t\t\t\t\t\t\t\t<a href=\"https:\/\/mulotpetitjean.com\/fr\/84-paniers-gourmands\">\t\t\t\t\t\t\t\t\t<div class=\"product__categories__slider__item__image\">\n\t\t\t\t\t\t\t\t\t\t<img decoding=\"async\" src=\"https:\/\/mulotpetitjean.com\/\/img\/c\/84-0_thumb.jpg\" alt=\"paniers-gourmands\">\t\t\t\t\t\t\t\t\t<\/div>\n\t\t\t\t\t\t\t\t\t<div class=\"product__categories__slider__item__title\">\n\t\t\t\t\t\t\t\t\t\t<h3>Paniers Gourmands<\/h3>\t\t\t\t\t\t\t\t\t<\/div>\n\t\t\t\t\t\t\t\t<\/a>\t\t\t\t\t\t\t<\/div>\n\t\t\t\t\t\t\t\t<\/div>\n\n\t\t<div class=\"product__categories__all\">\n\t\t\t<a href=\"https:\/\/mulotpetitjean.com\/fr\" class=\"btn btn-default\">\n\t\t\t\t<span>Visitez la boutique<\/span>\n\t\t\t<\/a>\n\t\t<\/div>\n\t<\/div>\n<\/section>","protected":false},"excerpt":{"rendered":"<p>Vivez une exp\u00e9rience gourmande dans l\u2019un de nos magasins Mulot &#038; Petitjean \u00e0 Dijon ou \u00e0 Beaune. Dans chacun de nos magasins, vous attendent un cadre chaleureux et une s\u00e9lection de multiples produits de notre fabrication et de notre r\u00e9gion.<br \/>\nA tr\u00e8s vite, pour d\u00e9couvrir notre univers et nos produits !<\/p>\n","protected":false},"author":1,"featured_media":255,"parent":0,"menu_order":9,"comment_status":"closed","ping_status":"closed","template":"","meta":{"_acf_changed":false,"footnotes":""},"class_list":["post-61","page","type-page","status-publish","has-post-thumbnail","hentry"],"acf":[],"yoast_head":"<!-- This site is optimized with the Yoast SEO plugin v26.0 - https:\/\/yoast.com\/wordpress\/plugins\/seo\/ -->\n<title>Nos magasins ~ Mulot &amp; Petitjean<\/title>\n<meta name=\"description\" content=\"Vivez une exp\u00e9rience gourmande dans un de nos magasins Mulot &amp; Petitjean. Ils vous accueillent dans un cadre historique pr\u00e9serv\u00e9.\" \/>\n<meta name=\"robots\" content=\"index, follow, max-snippet:-1, max-image-preview:large, max-video-preview:-1\" \/>\n<link rel=\"canonical\" href=\"https:\/\/mulotpetitjean.com\/maison\/nos-magasins\/\" \/>\n<meta property=\"og:locale\" content=\"fr_FR\" \/>\n<meta property=\"og:type\" content=\"article\" \/>\n<meta property=\"og:title\" content=\"Nos magasins ~ Mulot &amp; Petitjean\" \/>\n<meta property=\"og:description\" content=\"Vivez une exp\u00e9rience gourmande dans un de nos magasins Mulot &amp; Petitjean. Ils vous accueillent dans un cadre historique pr\u00e9serv\u00e9.\" \/>\n<meta property=\"og:url\" content=\"https:\/\/mulotpetitjean.com\/maison\/nos-magasins\/\" \/>\n<meta property=\"og:site_name\" content=\"Mulot &amp; Petitjean\" \/>\n<meta property=\"article:publisher\" content=\"https:\/\/www.facebook.com\/MulotPetitjean\/\" \/>\n<meta property=\"article:modified_time\" content=\"2023-07-28T14:31:37+00:00\" \/>\n<meta property=\"og:image\" content=\"https:\/\/mulotpetitjean.com\/maison\/content\/uploads\/2023\/03\/DSC00290.jpg\" \/>\n\t<meta property=\"og:image:width\" content=\"1200\" \/>\n\t<meta property=\"og:image:height\" content=\"800\" \/>\n\t<meta property=\"og:image:type\" content=\"image\/jpeg\" \/>\n<meta name=\"twitter:card\" content=\"summary_large_image\" \/>\n<meta name=\"twitter:label1\" content=\"Dur\u00e9e de lecture estim\u00e9e\" \/>\n\t<meta name=\"twitter:data1\" content=\"1 minute\" \/>\n<script type=\"application\/ld+json\" class=\"yoast-schema-graph\">{\"@context\":\"https:\/\/schema.org\",\"@graph\":[{\"@type\":\"WebPage\",\"@id\":\"https:\/\/mulotpetitjean.com\/maison\/nos-magasins\/\",\"url\":\"https:\/\/mulotpetitjean.com\/maison\/nos-magasins\/\",\"name\":\"Nos magasins ~ Mulot &amp; Petitjean\",\"isPartOf\":{\"@id\":\"https:\/\/mulotpetitjean.com\/maison\/#website\"},\"primaryImageOfPage\":{\"@id\":\"https:\/\/mulotpetitjean.com\/maison\/nos-magasins\/#primaryimage\"},\"image\":{\"@id\":\"https:\/\/mulotpetitjean.com\/maison\/nos-magasins\/#primaryimage\"},\"thumbnailUrl\":\"https:\/\/mulotpetitjean.com\/maison\/content\/uploads\/2023\/03\/DSC00290.jpg\",\"datePublished\":\"2023-02-17T14:26:29+00:00\",\"dateModified\":\"2023-07-28T14:31:37+00:00\",\"description\":\"Vivez une exp\u00e9rience gourmande dans un de nos magasins Mulot & Petitjean. Ils vous accueillent dans un cadre historique pr\u00e9serv\u00e9.\",\"breadcrumb\":{\"@id\":\"https:\/\/mulotpetitjean.com\/maison\/nos-magasins\/#breadcrumb\"},\"inLanguage\":\"fr-FR\",\"potentialAction\":[{\"@type\":\"ReadAction\",\"target\":[\"https:\/\/mulotpetitjean.com\/maison\/nos-magasins\/\"]}]},{\"@type\":\"ImageObject\",\"inLanguage\":\"fr-FR\",\"@id\":\"https:\/\/mulotpetitjean.com\/maison\/nos-magasins\/#primaryimage\",\"url\":\"https:\/\/mulotpetitjean.com\/maison\/content\/uploads\/2023\/03\/DSC00290.jpg\",\"contentUrl\":\"https:\/\/mulotpetitjean.com\/maison\/content\/uploads\/2023\/03\/DSC00290.jpg\",\"width\":1200,\"height\":800},{\"@type\":\"BreadcrumbList\",\"@id\":\"https:\/\/mulotpetitjean.com\/maison\/nos-magasins\/#breadcrumb\",\"itemListElement\":[{\"@type\":\"ListItem\",\"position\":1,\"name\":\"Accueil\",\"item\":\"https:\/\/mulotpetitjean.com\/maison\/\"},{\"@type\":\"ListItem\",\"position\":2,\"name\":\"Nos magasins\"}]},{\"@type\":\"WebSite\",\"@id\":\"https:\/\/mulotpetitjean.com\/maison\/#website\",\"url\":\"https:\/\/mulotpetitjean.com\/maison\/\",\"name\":\"Mulot & Petitjean\",\"description\":\"Pain d&#039;\u00e9pices depuis 1796\",\"publisher\":{\"@id\":\"https:\/\/mulotpetitjean.com\/maison\/#organization\"},\"potentialAction\":[{\"@type\":\"SearchAction\",\"target\":{\"@type\":\"EntryPoint\",\"urlTemplate\":\"https:\/\/mulotpetitjean.com\/maison\/?s={search_term_string}\"},\"query-input\":{\"@type\":\"PropertyValueSpecification\",\"valueRequired\":true,\"valueName\":\"search_term_string\"}}],\"inLanguage\":\"fr-FR\"},{\"@type\":\"Organization\",\"@id\":\"https:\/\/mulotpetitjean.com\/maison\/#organization\",\"name\":\"Mulot & Petitjean\",\"url\":\"https:\/\/mulotpetitjean.com\/maison\/\",\"logo\":{\"@type\":\"ImageObject\",\"inLanguage\":\"fr-FR\",\"@id\":\"https:\/\/mulotpetitjean.com\/maison\/#\/schema\/logo\/image\/\",\"url\":\"https:\/\/mulotpetitjean.com\/maison\/content\/uploads\/2023\/03\/logo-footer-home.jpg\",\"contentUrl\":\"https:\/\/mulotpetitjean.com\/maison\/content\/uploads\/2023\/03\/logo-footer-home.jpg\",\"width\":246,\"height\":189,\"caption\":\"Mulot & Petitjean\"},\"image\":{\"@id\":\"https:\/\/mulotpetitjean.com\/maison\/#\/schema\/logo\/image\/\"},\"sameAs\":[\"https:\/\/www.facebook.com\/MulotPetitjean\/\",\"https:\/\/www.instagram.com\/mulotpetitjean\/\",\"https:\/\/www.linkedin.com\/company\/pains-d'epices-mulot-et-petitjean\/\"]}]}<\/script>\n<!-- \/ Yoast SEO plugin. -->","yoast_head_json":{"title":"Nos magasins ~ Mulot &amp; Petitjean","description":"Vivez une exp\u00e9rience gourmande dans un de nos magasins Mulot & Petitjean. Ils vous accueillent dans un cadre historique pr\u00e9serv\u00e9.","robots":{"index":"index","follow":"follow","max-snippet":"max-snippet:-1","max-image-preview":"max-image-preview:large","max-video-preview":"max-video-preview:-1"},"canonical":"https:\/\/mulotpetitjean.com\/maison\/nos-magasins\/","og_locale":"fr_FR","og_type":"article","og_title":"Nos magasins ~ Mulot &amp; Petitjean","og_description":"Vivez une exp\u00e9rience gourmande dans un de nos magasins Mulot & Petitjean. Ils vous accueillent dans un cadre historique pr\u00e9serv\u00e9.","og_url":"https:\/\/mulotpetitjean.com\/maison\/nos-magasins\/","og_site_name":"Mulot &amp; Petitjean","article_publisher":"https:\/\/www.facebook.com\/MulotPetitjean\/","article_modified_time":"2023-07-28T14:31:37+00:00","og_image":[{"width":1200,"height":800,"url":"https:\/\/mulotpetitjean.com\/maison\/content\/uploads\/2023\/03\/DSC00290.jpg","type":"image\/jpeg"}],"twitter_card":"summary_large_image","twitter_misc":{"Dur\u00e9e de lecture estim\u00e9e":"1 minute"},"schema":{"@context":"https:\/\/schema.org","@graph":[{"@type":"WebPage","@id":"https:\/\/mulotpetitjean.com\/maison\/nos-magasins\/","url":"https:\/\/mulotpetitjean.com\/maison\/nos-magasins\/","name":"Nos magasins ~ Mulot &amp; Petitjean","isPartOf":{"@id":"https:\/\/mulotpetitjean.com\/maison\/#website"},"primaryImageOfPage":{"@id":"https:\/\/mulotpetitjean.com\/maison\/nos-magasins\/#primaryimage"},"image":{"@id":"https:\/\/mulotpetitjean.com\/maison\/nos-magasins\/#primaryimage"},"thumbnailUrl":"https:\/\/mulotpetitjean.com\/maison\/content\/uploads\/2023\/03\/DSC00290.jpg","datePublished":"2023-02-17T14:26:29+00:00","dateModified":"2023-07-28T14:31:37+00:00","description":"Vivez une exp\u00e9rience gourmande dans un de nos magasins Mulot & Petitjean. Ils vous accueillent dans un cadre historique pr\u00e9serv\u00e9.","breadcrumb":{"@id":"https:\/\/mulotpetitjean.com\/maison\/nos-magasins\/#breadcrumb"},"inLanguage":"fr-FR","potentialAction":[{"@type":"ReadAction","target":["https:\/\/mulotpetitjean.com\/maison\/nos-magasins\/"]}]},{"@type":"ImageObject","inLanguage":"fr-FR","@id":"https:\/\/mulotpetitjean.com\/maison\/nos-magasins\/#primaryimage","url":"https:\/\/mulotpetitjean.com\/maison\/content\/uploads\/2023\/03\/DSC00290.jpg","contentUrl":"https:\/\/mulotpetitjean.com\/maison\/content\/uploads\/2023\/03\/DSC00290.jpg","width":1200,"height":800},{"@type":"BreadcrumbList","@id":"https:\/\/mulotpetitjean.com\/maison\/nos-magasins\/#breadcrumb","itemListElement":[{"@type":"ListItem","position":1,"name":"Accueil","item":"https:\/\/mulotpetitjean.com\/maison\/"},{"@type":"ListItem","position":2,"name":"Nos magasins"}]},{"@type":"WebSite","@id":"https:\/\/mulotpetitjean.com\/maison\/#website","url":"https:\/\/mulotpetitjean.com\/maison\/","name":"Mulot & Petitjean","description":"Pain d&#039;\u00e9pices depuis 1796","publisher":{"@id":"https:\/\/mulotpetitjean.com\/maison\/#organization"},"potentialAction":[{"@type":"SearchAction","target":{"@type":"EntryPoint","urlTemplate":"https:\/\/mulotpetitjean.com\/maison\/?s={search_term_string}"},"query-input":{"@type":"PropertyValueSpecification","valueRequired":true,"valueName":"search_term_string"}}],"inLanguage":"fr-FR"},{"@type":"Organization","@id":"https:\/\/mulotpetitjean.com\/maison\/#organization","name":"Mulot & Petitjean","url":"https:\/\/mulotpetitjean.com\/maison\/","logo":{"@type":"ImageObject","inLanguage":"fr-FR","@id":"https:\/\/mulotpetitjean.com\/maison\/#\/schema\/logo\/image\/","url":"https:\/\/mulotpetitjean.com\/maison\/content\/uploads\/2023\/03\/logo-footer-home.jpg","contentUrl":"https:\/\/mulotpetitjean.com\/maison\/content\/uploads\/2023\/03\/logo-footer-home.jpg","width":246,"height":189,"caption":"Mulot & Petitjean"},"image":{"@id":"https:\/\/mulotpetitjean.com\/maison\/#\/schema\/logo\/image\/"},"sameAs":["https:\/\/www.facebook.com\/MulotPetitjean\/","https:\/\/www.instagram.com\/mulotpetitjean\/","https:\/\/www.linkedin.com\/company\/pains-d'epices-mulot-et-petitjean\/"]}]}},"_links":{"self":[{"href":"https:\/\/mulotpetitjean.com\/maison\/wp-json\/wp\/v2\/pages\/61","targetHints":{"allow":["GET"]}}],"collection":[{"href":"https:\/\/mulotpetitjean.com\/maison\/wp-json\/wp\/v2\/pages"}],"about":[{"href":"https:\/\/mulotpetitjean.com\/maison\/wp-json\/wp\/v2\/types\/page"}],"author":[{"embeddable":true,"href":"https:\/\/mulotpetitjean.com\/maison\/wp-json\/wp\/v2\/users\/1"}],"replies":[{"embeddable":true,"href":"https:\/\/mulotpetitjean.com\/maison\/wp-json\/wp\/v2\/comments?post=61"}],"version-history":[{"count":0,"href":"https:\/\/mulotpetitjean.com\/maison\/wp-json\/wp\/v2\/pages\/61\/revisions"}],"wp:featuredmedia":[{"embeddable":true,"href":"https:\/\/mulotpetitjean.com\/maison\/wp-json\/wp\/v2\/media\/255"}],"wp:attachment":[{"href":"https:\/\/mulotpetitjean.com\/maison\/wp-json\/wp\/v2\/media?parent=61"}],"curies":[{"name":"wp","href":"https:\/\/api.w.org\/{rel}","templated":true}]}}