{"id":517,"date":"2023-03-20T11:00:33","date_gmt":"2023-03-20T10:00:33","guid":{"rendered":"https:\/\/mulotpetitjean.com\/maison\/\/product\/album\/"},"modified":"2026-02-16T15:53:14","modified_gmt":"2026-02-16T14:53:14","slug":"billet-musee","status":"publish","type":"product","link":"https:\/\/mulotpetitjean.com\/maison\/product\/billet-musee\/","title":{"rendered":"Billet pour le mus\u00e9e"},"content":{"rendered":"","protected":false},"excerpt":{"rendered":"<h3><span style=\"color: #b93d25;\">Un parcours th\u00e9matique dans un espace de pr\u00e8s de 450 m\u00b2&#8230;<\/span><\/h3>\n<ul>\n<li>D\u00e9couvrez l\u2019histoire de la Maison Mulot &amp; Petitjean et du pain d\u2019\u00e9pices de Dijon<\/li>\n<li>Regardez, sentez, touchez les ingr\u00e9dients n\u00e9cessaires \u00e0 la fabrication du pain d\u2019\u00e9pices de Dijon<\/li>\n<li>Suivez les \u00e9tapes de la fabrication du pain d\u2019\u00e9pices \u00e0 travers l\u2019exposition de la collection de machines et outils de l\u2019entreprise et les t\u00e9moignages des collaborateurs sur \u00e9crans g\u00e9ants<\/li>\n<li>Savourez nos diff\u00e9rentes sp\u00e9cialit\u00e9s lors d\u2019une d\u00e9gustation dans notre boutique<\/li>\n<\/ul>\n<p>&nbsp;<\/p>\n<p><strong>Dur\u00e9e de la visite avec Audioguide : 1h<\/strong><br \/>\n<img decoding=\"async\" class=\"alignnone size-full wp-image-849\" src=\"https:\/\/mulotpetitjean.com\/maison\/content\/uploads\/2023\/03\/langues-musee.png\" alt=\"langues audioguide : Fran\u00e7ais, Anglais, Allemand\" width=\"140\" height=\"auto\" srcset=\"https:\/\/mulotpetitjean.com\/maison\/content\/uploads\/2023\/03\/langues-musee.png 449w, https:\/\/mulotpetitjean.com\/maison\/content\/uploads\/2023\/03\/langues-musee-320x105.png 320w\" sizes=\"(max-width: 449px) 100vw, 449px\" \/><\/p>\n<p>&nbsp;<\/p>\n<h3><span style=\"color: #b93d25;\">Tarifs<\/span><\/h3>\n<p><strong>Adulte<\/strong> : 9 EUR<br \/>\n<strong>Enfant (10-17 ans)<\/strong> : 7 EUR<br \/>\n<strong>Gratuit pour les enfants de moins de 10 ans<\/strong><\/p>\n<p><strong>Visiteurs individuels\u00a0: <\/strong>sans r\u00e9servation, paiement sur place \u00e0 la fabrique.<\/p>\n<p><strong>Groupe :<\/strong> demandez votre r\u00e9servation via notre<a href=\"https:\/\/mulotpetitjean.com\/maison\/renseignements-et-reservation\/\"> formulaire en ligne.<\/a><\/p>\n<p><strong>Horaires d&rsquo;ouverture : <\/strong>Du mardi au samedi de 10h \u00e0 12h30 et de 14h \u00e0 18h30. Derni\u00e8re visite \u00e0 17h30.<\/p>\n<p><strong>Ateliers d\u00e9cors pour enfants\u00a0<em>(pendant les vacances scolaires uniquement)<\/em> : veuillez effectuer votre r\u00e9servation par mail via <a href=\"mailto:accueil@mulotpetitjean.fr\">accueil@mulotpetitjean.fr<\/a> ou par t\u00e9l\u00e9phone au <a tabindex=\"0\" href=\"tel:+33380663080\">03 80 66 30 80.<\/a><\/strong><\/p>\n<p>Visite accessible aux personnes \u00e0 mobilit\u00e9 r\u00e9duite. Nous n\u2019avons pas de parking d\u00e9di\u00e9 aux visiteurs du mus\u00e9e sauf pour les personnes d\u00e9tenant une carte Carte mobilit\u00e9 inclusion (CMI). Vous trouverez des places gratuites sur le Boulevard de l\u2019Ouest ou plus haut sur le Boulevard (parking du Parc des Carri\u00e8res Bacquin ou de la JDA).<\/p>\n<p>&nbsp;<\/p>\n","protected":false},"featured_media":521,"template":"","meta":{"_acf_changed":false},"product_brand":[],"product_cat":[48],"product_tag":[53,52,50,51],"class_list":{"0":"post-517","1":"product","2":"type-product","3":"status-publish","4":"has-post-thumbnail","6":"product_cat-visite-de-la-fabrique","7":"product_tag-dijon","8":"product_tag-histoire","9":"product_tag-histoire-du-pain-depices","10":"product_tag-musee","12":"first","13":"instock","14":"virtual","15":"sold-individually","16":"taxable","17":"purchasable","18":"product-type-booking"},"acf":[],"yoast_head":"<!-- This site is optimized with the Yoast SEO plugin v26.0 - https:\/\/yoast.com\/wordpress\/plugins\/seo\/ -->\n<title>Billet pour le mus\u00e9e ~ Mulot &amp; Petitjean<\/title>\n<meta name=\"robots\" content=\"index, follow, max-snippet:-1, max-image-preview:large, max-video-preview:-1\" \/>\n<link rel=\"canonical\" href=\"https:\/\/mulotpetitjean.com\/maison\/product\/billet-musee\/\" \/>\n<meta property=\"og:locale\" content=\"fr_FR\" \/>\n<meta property=\"og:type\" content=\"article\" \/>\n<meta property=\"og:title\" content=\"Billet pour le mus\u00e9e ~ Mulot &amp; Petitjean\" \/>\n<meta property=\"og:description\" content=\"Un parcours th\u00e9matique dans un espace de pr\u00e8s de 450 m\u00b2...   D\u00e9couvrez l\u2019histoire de la Maison Mulot &amp; Petitjean et du pain d\u2019\u00e9pices de Dijon  Regardez, sentez, touchez les ingr\u00e9dients n\u00e9cessaires \u00e0 la fabrication du pain d\u2019\u00e9pices de Dijon  Suivez les \u00e9tapes de la fabrication du pain d\u2019\u00e9pices \u00e0 travers l\u2019exposition de la collection de machines et outils de l\u2019entreprise et les t\u00e9moignages des collaborateurs sur \u00e9crans g\u00e9ants  Savourez nos diff\u00e9rentes sp\u00e9cialit\u00e9s lors d\u2019une d\u00e9gustation dans notre boutique  &nbsp;  Dur\u00e9e de la visite avec Audioguide : 1h   &nbsp; Tarifs Adulte : 9 EUR Enfant (10-17 ans) : 7 EUR Gratuit pour les enfants de moins de 10 ans  Visiteurs individuels\u00a0: sans r\u00e9servation, paiement sur place \u00e0 la fabrique.  Groupe : demandez votre r\u00e9servation via notre formulaire en ligne.  Horaires d&#039;ouverture : Du mardi au samedi de 10h \u00e0 12h30 et de 14h \u00e0 18h30. Derni\u00e8re visite \u00e0 17h30.  Ateliers d\u00e9cors pour enfants\u00a0(pendant les vacances scolaires uniquement) : veuillez effectuer votre r\u00e9servation par mail via accueil@mulotpetitjean.fr ou par t\u00e9l\u00e9phone au 03 80 66 30 80.  Visite accessible aux personnes \u00e0 mobilit\u00e9 r\u00e9duite. Nous n\u2019avons pas de parking d\u00e9di\u00e9 aux visiteurs du mus\u00e9e sauf pour les personnes d\u00e9tenant une carte Carte mobilit\u00e9 inclusion (CMI). Vous trouverez des places gratuites sur le Boulevard de l\u2019Ouest ou plus haut sur le Boulevard (parking du Parc des Carri\u00e8res Bacquin ou de la JDA).  &nbsp;\" \/>\n<meta property=\"og:url\" content=\"https:\/\/mulotpetitjean.com\/maison\/product\/billet-musee\/\" \/>\n<meta property=\"og:site_name\" content=\"Mulot &amp; Petitjean\" \/>\n<meta property=\"article:publisher\" content=\"https:\/\/www.facebook.com\/MulotPetitjean\/\" \/>\n<meta property=\"article:modified_time\" content=\"2026-02-16T14:53:14+00:00\" \/>\n<meta property=\"og:image\" content=\"https:\/\/mulotpetitjean.com\/maison\/content\/uploads\/2023\/03\/musee.jpg\" \/>\n\t<meta property=\"og:image:width\" content=\"1000\" \/>\n\t<meta property=\"og:image:height\" content=\"652\" \/>\n\t<meta property=\"og:image:type\" content=\"image\/jpeg\" \/>\n<meta name=\"twitter:card\" content=\"summary_large_image\" \/>\n<meta name=\"twitter:label1\" content=\"Dur\u00e9e de lecture estim\u00e9e\" \/>\n\t<meta name=\"twitter:data1\" content=\"1 minute\" \/>\n<script type=\"application\/ld+json\" class=\"yoast-schema-graph\">{\"@context\":\"https:\/\/schema.org\",\"@graph\":[{\"@type\":\"WebPage\",\"@id\":\"https:\/\/mulotpetitjean.com\/maison\/product\/billet-musee\/\",\"url\":\"https:\/\/mulotpetitjean.com\/maison\/product\/billet-musee\/\",\"name\":\"Billet pour le mus\u00e9e ~ Mulot &amp; Petitjean\",\"isPartOf\":{\"@id\":\"https:\/\/mulotpetitjean.com\/maison\/#website\"},\"primaryImageOfPage\":{\"@id\":\"https:\/\/mulotpetitjean.com\/maison\/product\/billet-musee\/#primaryimage\"},\"image\":{\"@id\":\"https:\/\/mulotpetitjean.com\/maison\/product\/billet-musee\/#primaryimage\"},\"thumbnailUrl\":\"https:\/\/mulotpetitjean.com\/maison\/content\/uploads\/2023\/03\/musee.jpg\",\"datePublished\":\"2023-03-20T10:00:33+00:00\",\"dateModified\":\"2026-02-16T14:53:14+00:00\",\"breadcrumb\":{\"@id\":\"https:\/\/mulotpetitjean.com\/maison\/product\/billet-musee\/#breadcrumb\"},\"inLanguage\":\"fr-FR\",\"potentialAction\":[{\"@type\":\"ReadAction\",\"target\":[\"https:\/\/mulotpetitjean.com\/maison\/product\/billet-musee\/\"]}]},{\"@type\":\"ImageObject\",\"inLanguage\":\"fr-FR\",\"@id\":\"https:\/\/mulotpetitjean.com\/maison\/product\/billet-musee\/#primaryimage\",\"url\":\"https:\/\/mulotpetitjean.com\/maison\/content\/uploads\/2023\/03\/musee.jpg\",\"contentUrl\":\"https:\/\/mulotpetitjean.com\/maison\/content\/uploads\/2023\/03\/musee.jpg\",\"width\":1000,\"height\":652},{\"@type\":\"BreadcrumbList\",\"@id\":\"https:\/\/mulotpetitjean.com\/maison\/product\/billet-musee\/#breadcrumb\",\"itemListElement\":[{\"@type\":\"ListItem\",\"position\":1,\"name\":\"Accueil\",\"item\":\"https:\/\/mulotpetitjean.com\/maison\/\"},{\"@type\":\"ListItem\",\"position\":2,\"name\":\"R\u00e9servez vos billets\",\"item\":\"https:\/\/mulotpetitjean.com\/maison\/reservation\/\"},{\"@type\":\"ListItem\",\"position\":3,\"name\":\"Billet pour le mus\u00e9e\"}]},{\"@type\":\"WebSite\",\"@id\":\"https:\/\/mulotpetitjean.com\/maison\/#website\",\"url\":\"https:\/\/mulotpetitjean.com\/maison\/\",\"name\":\"Mulot & Petitjean\",\"description\":\"Pain d&#039;\u00e9pices depuis 1796\",\"publisher\":{\"@id\":\"https:\/\/mulotpetitjean.com\/maison\/#organization\"},\"potentialAction\":[{\"@type\":\"SearchAction\",\"target\":{\"@type\":\"EntryPoint\",\"urlTemplate\":\"https:\/\/mulotpetitjean.com\/maison\/?s={search_term_string}\"},\"query-input\":{\"@type\":\"PropertyValueSpecification\",\"valueRequired\":true,\"valueName\":\"search_term_string\"}}],\"inLanguage\":\"fr-FR\"},{\"@type\":\"Organization\",\"@id\":\"https:\/\/mulotpetitjean.com\/maison\/#organization\",\"name\":\"Mulot & Petitjean\",\"url\":\"https:\/\/mulotpetitjean.com\/maison\/\",\"logo\":{\"@type\":\"ImageObject\",\"inLanguage\":\"fr-FR\",\"@id\":\"https:\/\/mulotpetitjean.com\/maison\/#\/schema\/logo\/image\/\",\"url\":\"https:\/\/mulotpetitjean.com\/maison\/content\/uploads\/2023\/03\/logo-footer-home.jpg\",\"contentUrl\":\"https:\/\/mulotpetitjean.com\/maison\/content\/uploads\/2023\/03\/logo-footer-home.jpg\",\"width\":246,\"height\":189,\"caption\":\"Mulot & Petitjean\"},\"image\":{\"@id\":\"https:\/\/mulotpetitjean.com\/maison\/#\/schema\/logo\/image\/\"},\"sameAs\":[\"https:\/\/www.facebook.com\/MulotPetitjean\/\",\"https:\/\/www.instagram.com\/mulotpetitjean\/\",\"https:\/\/www.linkedin.com\/company\/pains-d'epices-mulot-et-petitjean\/\"]}]}<\/script>\n<!-- \/ Yoast SEO plugin. -->","yoast_head_json":{"title":"Billet pour le mus\u00e9e ~ Mulot &amp; Petitjean","robots":{"index":"index","follow":"follow","max-snippet":"max-snippet:-1","max-image-preview":"max-image-preview:large","max-video-preview":"max-video-preview:-1"},"canonical":"https:\/\/mulotpetitjean.com\/maison\/product\/billet-musee\/","og_locale":"fr_FR","og_type":"article","og_title":"Billet pour le mus\u00e9e ~ Mulot &amp; Petitjean","og_description":"Un parcours th\u00e9matique dans un espace de pr\u00e8s de 450 m\u00b2...   D\u00e9couvrez l\u2019histoire de la Maison Mulot &amp; Petitjean et du pain d\u2019\u00e9pices de Dijon  Regardez, sentez, touchez les ingr\u00e9dients n\u00e9cessaires \u00e0 la fabrication du pain d\u2019\u00e9pices de Dijon  Suivez les \u00e9tapes de la fabrication du pain d\u2019\u00e9pices \u00e0 travers l\u2019exposition de la collection de machines et outils de l\u2019entreprise et les t\u00e9moignages des collaborateurs sur \u00e9crans g\u00e9ants  Savourez nos diff\u00e9rentes sp\u00e9cialit\u00e9s lors d\u2019une d\u00e9gustation dans notre boutique  &nbsp;  Dur\u00e9e de la visite avec Audioguide : 1h   &nbsp; Tarifs Adulte : 9 EUR Enfant (10-17 ans) : 7 EUR Gratuit pour les enfants de moins de 10 ans  Visiteurs individuels\u00a0: sans r\u00e9servation, paiement sur place \u00e0 la fabrique.  Groupe : demandez votre r\u00e9servation via notre formulaire en ligne.  Horaires d'ouverture : Du mardi au samedi de 10h \u00e0 12h30 et de 14h \u00e0 18h30. Derni\u00e8re visite \u00e0 17h30.  Ateliers d\u00e9cors pour enfants\u00a0(pendant les vacances scolaires uniquement) : veuillez effectuer votre r\u00e9servation par mail via accueil@mulotpetitjean.fr ou par t\u00e9l\u00e9phone au 03 80 66 30 80.  Visite accessible aux personnes \u00e0 mobilit\u00e9 r\u00e9duite. Nous n\u2019avons pas de parking d\u00e9di\u00e9 aux visiteurs du mus\u00e9e sauf pour les personnes d\u00e9tenant une carte Carte mobilit\u00e9 inclusion (CMI). Vous trouverez des places gratuites sur le Boulevard de l\u2019Ouest ou plus haut sur le Boulevard (parking du Parc des Carri\u00e8res Bacquin ou de la JDA).  &nbsp;","og_url":"https:\/\/mulotpetitjean.com\/maison\/product\/billet-musee\/","og_site_name":"Mulot &amp; Petitjean","article_publisher":"https:\/\/www.facebook.com\/MulotPetitjean\/","article_modified_time":"2026-02-16T14:53:14+00:00","og_image":[{"width":1000,"height":652,"url":"https:\/\/mulotpetitjean.com\/maison\/content\/uploads\/2023\/03\/musee.jpg","type":"image\/jpeg"}],"twitter_card":"summary_large_image","twitter_misc":{"Dur\u00e9e de lecture estim\u00e9e":"1 minute"},"schema":{"@context":"https:\/\/schema.org","@graph":[{"@type":"WebPage","@id":"https:\/\/mulotpetitjean.com\/maison\/product\/billet-musee\/","url":"https:\/\/mulotpetitjean.com\/maison\/product\/billet-musee\/","name":"Billet pour le mus\u00e9e ~ Mulot &amp; Petitjean","isPartOf":{"@id":"https:\/\/mulotpetitjean.com\/maison\/#website"},"primaryImageOfPage":{"@id":"https:\/\/mulotpetitjean.com\/maison\/product\/billet-musee\/#primaryimage"},"image":{"@id":"https:\/\/mulotpetitjean.com\/maison\/product\/billet-musee\/#primaryimage"},"thumbnailUrl":"https:\/\/mulotpetitjean.com\/maison\/content\/uploads\/2023\/03\/musee.jpg","datePublished":"2023-03-20T10:00:33+00:00","dateModified":"2026-02-16T14:53:14+00:00","breadcrumb":{"@id":"https:\/\/mulotpetitjean.com\/maison\/product\/billet-musee\/#breadcrumb"},"inLanguage":"fr-FR","potentialAction":[{"@type":"ReadAction","target":["https:\/\/mulotpetitjean.com\/maison\/product\/billet-musee\/"]}]},{"@type":"ImageObject","inLanguage":"fr-FR","@id":"https:\/\/mulotpetitjean.com\/maison\/product\/billet-musee\/#primaryimage","url":"https:\/\/mulotpetitjean.com\/maison\/content\/uploads\/2023\/03\/musee.jpg","contentUrl":"https:\/\/mulotpetitjean.com\/maison\/content\/uploads\/2023\/03\/musee.jpg","width":1000,"height":652},{"@type":"BreadcrumbList","@id":"https:\/\/mulotpetitjean.com\/maison\/product\/billet-musee\/#breadcrumb","itemListElement":[{"@type":"ListItem","position":1,"name":"Accueil","item":"https:\/\/mulotpetitjean.com\/maison\/"},{"@type":"ListItem","position":2,"name":"R\u00e9servez vos billets","item":"https:\/\/mulotpetitjean.com\/maison\/reservation\/"},{"@type":"ListItem","position":3,"name":"Billet pour le mus\u00e9e"}]},{"@type":"WebSite","@id":"https:\/\/mulotpetitjean.com\/maison\/#website","url":"https:\/\/mulotpetitjean.com\/maison\/","name":"Mulot & Petitjean","description":"Pain d&#039;\u00e9pices depuis 1796","publisher":{"@id":"https:\/\/mulotpetitjean.com\/maison\/#organization"},"potentialAction":[{"@type":"SearchAction","target":{"@type":"EntryPoint","urlTemplate":"https:\/\/mulotpetitjean.com\/maison\/?s={search_term_string}"},"query-input":{"@type":"PropertyValueSpecification","valueRequired":true,"valueName":"search_term_string"}}],"inLanguage":"fr-FR"},{"@type":"Organization","@id":"https:\/\/mulotpetitjean.com\/maison\/#organization","name":"Mulot & Petitjean","url":"https:\/\/mulotpetitjean.com\/maison\/","logo":{"@type":"ImageObject","inLanguage":"fr-FR","@id":"https:\/\/mulotpetitjean.com\/maison\/#\/schema\/logo\/image\/","url":"https:\/\/mulotpetitjean.com\/maison\/content\/uploads\/2023\/03\/logo-footer-home.jpg","contentUrl":"https:\/\/mulotpetitjean.com\/maison\/content\/uploads\/2023\/03\/logo-footer-home.jpg","width":246,"height":189,"caption":"Mulot & Petitjean"},"image":{"@id":"https:\/\/mulotpetitjean.com\/maison\/#\/schema\/logo\/image\/"},"sameAs":["https:\/\/www.facebook.com\/MulotPetitjean\/","https:\/\/www.instagram.com\/mulotpetitjean\/","https:\/\/www.linkedin.com\/company\/pains-d'epices-mulot-et-petitjean\/"]}]}},"_links":{"self":[{"href":"https:\/\/mulotpetitjean.com\/maison\/wp-json\/wp\/v2\/product\/517","targetHints":{"allow":["GET"]}}],"collection":[{"href":"https:\/\/mulotpetitjean.com\/maison\/wp-json\/wp\/v2\/product"}],"about":[{"href":"https:\/\/mulotpetitjean.com\/maison\/wp-json\/wp\/v2\/types\/product"}],"wp:featuredmedia":[{"embeddable":true,"href":"https:\/\/mulotpetitjean.com\/maison\/wp-json\/wp\/v2\/media\/521"}],"wp:attachment":[{"href":"https:\/\/mulotpetitjean.com\/maison\/wp-json\/wp\/v2\/media?parent=517"}],"wp:term":[{"taxonomy":"product_brand","embeddable":true,"href":"https:\/\/mulotpetitjean.com\/maison\/wp-json\/wp\/v2\/product_brand?post=517"},{"taxonomy":"product_cat","embeddable":true,"href":"https:\/\/mulotpetitjean.com\/maison\/wp-json\/wp\/v2\/product_cat?post=517"},{"taxonomy":"product_tag","embeddable":true,"href":"https:\/\/mulotpetitjean.com\/maison\/wp-json\/wp\/v2\/product_tag?post=517"}],"curies":[{"name":"wp","href":"https:\/\/api.w.org\/{rel}","templated":true}]}}